{"id":1100,"date":"2022-06-29T15:26:53","date_gmt":"2022-06-29T12:26:53","guid":{"rendered":"https:\/\/dinamobox.ee\/?page_id=1100"},"modified":"2022-07-13T18:22:10","modified_gmt":"2022-07-13T15:22:10","slug":"meie-saal","status":"publish","type":"page","link":"https:\/\/dinamobox.ee\/et\/about\/meie-saal\/","title":{"rendered":"Meie saal"},"content":{"rendered":"<div id='av_section_1'  class='avia-section av-mbzav-7c094a5b34302ab48965a62504e837c2 main_color avia-section-large avia-no-border-styling  avia-builder-el-0  el_before_av_google_map  avia-builder-el-first  avia-bg-style-scroll container_wrap sidebar_right'  ><div class='container av-section-cont-open' ><main  role=\"main\" itemprop=\"mainContentOfPage\"  class='template-page content  av-content-small alpha units'><div class='post-entry post-entry-type-page post-entry-1100'><div class='entry-content-wrapper clearfix'>\n\n<style type=\"text\/css\" data-created_by=\"avia_inline_auto\" id=\"style-css-av-loc7z-0921477c610e5fb462ed79a6b8892894\">\n#top .av-special-heading.av-loc7z-0921477c610e5fb462ed79a6b8892894{\npadding-bottom:30px;\nfont-size:50px;\n}\nbody .av-special-heading.av-loc7z-0921477c610e5fb462ed79a6b8892894 .av-special-heading-tag .heading-char{\nfont-size:25px;\n}\n#top #wrap_all .av-special-heading.av-loc7z-0921477c610e5fb462ed79a6b8892894 .av-special-heading-tag{\nfont-size:50px;\n}\n.av-special-heading.av-loc7z-0921477c610e5fb462ed79a6b8892894 .av-subheading{\nfont-size:15px;\n}\n\n@media only screen and (min-width: 480px) and (max-width: 767px){ \n#top #wrap_all .av-special-heading.av-loc7z-0921477c610e5fb462ed79a6b8892894 .av-special-heading-tag{\nfont-size:0.8em;\n}\n}\n\n@media only screen and (max-width: 479px){ \n#top #wrap_all .av-special-heading.av-loc7z-0921477c610e5fb462ed79a6b8892894 .av-special-heading-tag{\nfont-size:0.8em;\n}\n}\n<\/style>\n<div  class='av-special-heading av-loc7z-0921477c610e5fb462ed79a6b8892894 av-special-heading-h1 blockquote modern-quote  avia-builder-el-1  el_before_av_one_half  avia-builder-el-first  av-thin-font av-inherit-size'><h1 class='av-special-heading-tag '  itemprop=\"headline\"  >Meie Saal<strong>.<\/strong><\/h1><div class=\"special-heading-border\"><div class=\"special-heading-inner-border\"><\/div><\/div><\/div>\n\n<style type=\"text\/css\" data-created_by=\"avia_inline_auto\" id=\"style-css-av-5uka27-e65c41d48123625d555ed11e16675c5b\">\n.flex_column.av-5uka27-e65c41d48123625d555ed11e16675c5b{\nborder-radius:0px 0px 0px 0px;\npadding:0px 0px 0px 0px;\n}\n<\/style>\n<div  class='flex_column av-5uka27-e65c41d48123625d555ed11e16675c5b av_one_half  avia-builder-el-2  el_after_av_heading  el_before_av_one_half  first flex_column_div av-zero-column-padding  '     ><section  class='av_textblock_section av-5ofwf3-86f57d5cf4cc5ce7dc2f9e3b21177926 '   itemscope=\"itemscope\" itemtype=\"https:\/\/schema.org\/CreativeWork\" ><div class='avia_textblock'  itemprop=\"text\" ><p>Poksitreeningud toimuvad\u00a0P\u00f5hja-Spordihoone\u00a0spetsiaalselt varustatud saalis aadressil Uus-Maleva 8 Tallinnas. <span class=\"fs13\">Saalis on k\u00f5ik treeningute tarbeks vajalikud vahendid ja seadmed\u00a0<\/span><span class=\"fs10\">olemas<\/span>, kaasa arvatud poksiringi ja peeglisektsioone. Saal on varustatud erisuguste poksikotidega erinevate l\u00f6\u00f6gikombinatsioonide ja -seeriate viimistlemiseks. Lisaks eriettevalmistusele poksis m\u00e4ngib kehaline \u00fcldettevalmistus olulist rolli. J\u00f5u ja vastupidavuse arendamiseks on meie saalis olemas raskuspallid, kangid ja hantlid, varbsein ja r\u00f6\u00f6baspuud.<\/p>\n<\/div><\/section><\/div>\n<style type=\"text\/css\" data-created_by=\"avia_inline_auto\" id=\"style-css-av-5izb9b-8ff21f54bb3ea9b41a70911b556ee5d6\">\n.flex_column.av-5izb9b-8ff21f54bb3ea9b41a70911b556ee5d6{\nborder-radius:0px 0px 0px 0px;\npadding:0px 0px 0px 0px;\n}\n<\/style>\n<div  class='flex_column av-5izb9b-8ff21f54bb3ea9b41a70911b556ee5d6 av_one_half  avia-builder-el-4  el_after_av_one_half  avia-builder-el-last  flex_column_div av-zero-column-padding  '     ><section  class='av_textblock_section av-5dxcbz-4545dd652bdf26be5f6194e5a1202426 '   itemscope=\"itemscope\" itemtype=\"https:\/\/schema.org\/CreativeWork\" ><div class='avia_textblock'  itemprop=\"text\" ><p>Uutel klubi liitujatel on kasutuses k\u00f5ik vajalik varustus: v\u00f5itluskindad, kotikindad, kiivrid jm. Alguseks on vaja ainult mugavaid spordiriideid ja tahtmist. Ootame Teid r\u00f5\u00f5muga meie trenni.<\/p>\n<\/div><\/section><\/div><div  class='av_gmaps_sc_main_wrap av_gmaps_main_wrap '><div id='av_gmap_0' class='avia-google-map-container avia-google-map-sc av_gmaps_show_unconditionally av-no-fallback-img ' data-mapid='av_gmap_0'  style='height: 400px;'><a class=\"av_gmaps_browser_disabled av_text_confirm_link av_text_confirm_link_visible\" href=\"https:\/\/www.google.com\/maps\/search\/?api=1&#038;query=Uus-Maleva%208%2011711%20Tallinn%20Harjumaa%20Estonia\" target=\"_blank\">Maps were disabled by the visitor on this site. Click to open the map in a new window.<\/a><\/div><\/div><\/p>\n\n<style type=\"text\/css\" data-created_by=\"avia_inline_auto\" id=\"style-css-av-16g7tz-9dedda620ce341ece1b40fdf2b3a3b28\">\n.avia-section.av-16g7tz-9dedda620ce341ece1b40fdf2b3a3b28{\nbackground-repeat:no-repeat;\nbackground-image:url(https:\/\/dinamobox.ee\/wp-content\/uploads\/2016\/02\/hero-5.jpg);\nbackground-position:50% 50%;\nbackground-attachment:fixed;\n}\n.avia-section.av-16g7tz-9dedda620ce341ece1b40fdf2b3a3b28 .av-section-color-overlay{\nopacity:0.8;\nbackground-color:#000000;\n}\n<\/style>\n<div id='av_section_2'  class='avia-section av-16g7tz-9dedda620ce341ece1b40fdf2b3a3b28 alternate_color avia-section-huge avia-no-border-styling  avia-builder-el-7  el_after_av_google_map  el_before_av_masonry_gallery  avia-full-stretch avia-bg-style-fixed av-section-color-overlay-active container_wrap sidebar_right'  data-section-bg-repeat='stretch'><div class=\"av-section-color-overlay-wrap\"><div class=\"av-section-color-overlay\"><\/div><div class='container av-section-cont-open' ><div class='template-page content  av-content-small alpha units'><div class='post-entry post-entry-type-page post-entry-1100'><div class='entry-content-wrapper clearfix'>\n\n<style type=\"text\/css\" data-created_by=\"avia_inline_auto\" id=\"style-css-av-3xfg7-4a82e354a78b1db0dcc4eecbfd853173\">\n.flex_column.av-3xfg7-4a82e354a78b1db0dcc4eecbfd853173{\nborder-radius:0px 0px 0px 0px;\npadding:0px 0px 0px 0px;\n}\n<\/style>\n<div  class='flex_column av-3xfg7-4a82e354a78b1db0dcc4eecbfd853173 av_one_fifth  avia-builder-el-8  el_before_av_three_fifth  avia-builder-el-first  first flex_column_div av-zero-column-padding  '     ><\/div>\n<style type=\"text\/css\" data-created_by=\"avia_inline_auto\" id=\"style-css-av-x2vjj-bcf8fbbc5384d10449cf0094fe824a4a\">\n.flex_column.av-x2vjj-bcf8fbbc5384d10449cf0094fe824a4a{\nborder-radius:0px 0px 0px 0px;\npadding:0px 0px 0px 0px;\n}\n<\/style>\n<div  class='flex_column av-x2vjj-bcf8fbbc5384d10449cf0094fe824a4a av_three_fifth  avia-builder-el-9  el_after_av_one_fifth  el_before_av_one_fifth  flex_column_div av-zero-column-padding  '     ><style type=\"text\/css\" data-created_by=\"avia_inline_auto\" id=\"style-css-av-2r0fz-bca696384541a90d7927d29eae30430b\">\n#top .av-special-heading.av-2r0fz-bca696384541a90d7927d29eae30430b{\npadding-bottom:20px;\nfont-size:50px;\n}\nbody .av-special-heading.av-2r0fz-bca696384541a90d7927d29eae30430b .av-special-heading-tag .heading-char{\nfont-size:25px;\n}\n#top #wrap_all .av-special-heading.av-2r0fz-bca696384541a90d7927d29eae30430b .av-special-heading-tag{\nfont-size:50px;\n}\n.av-special-heading.av-2r0fz-bca696384541a90d7927d29eae30430b .av-subheading{\nfont-size:15px;\n}\n\n@media only screen and (min-width: 480px) and (max-width: 767px){ \n#top #wrap_all .av-special-heading.av-2r0fz-bca696384541a90d7927d29eae30430b .av-special-heading-tag{\nfont-size:0.8em;\n}\n}\n\n@media only screen and (max-width: 479px){ \n#top #wrap_all .av-special-heading.av-2r0fz-bca696384541a90d7927d29eae30430b .av-special-heading-tag{\nfont-size:0.8em;\n}\n}\n<\/style>\n<div  class='av-special-heading av-2r0fz-bca696384541a90d7927d29eae30430b av-special-heading-h1 blockquote modern-quote modern-centered  avia-builder-el-10  avia-builder-el-no-sibling  av-thin-font av-inherit-size'><h1 class='av-special-heading-tag '  itemprop=\"headline\"  > Ootame Teid Tallinna \u00fches parimas spetssaalis<strong>.<\/strong><\/h1><div class=\"special-heading-border\"><div class=\"special-heading-inner-border\"><\/div><\/div><\/div><\/div>\n<style type=\"text\/css\" data-created_by=\"avia_inline_auto\" id=\"style-css-av-dxn1j-9ade56d4974b6b791f7ce8987418f993\">\n.flex_column.av-dxn1j-9ade56d4974b6b791f7ce8987418f993{\nborder-radius:0px 0px 0px 0px;\npadding:0px 0px 0px 0px;\n}\n<\/style>\n<div  class='flex_column av-dxn1j-9ade56d4974b6b791f7ce8987418f993 av_one_fifth  avia-builder-el-11  el_after_av_three_fifth  avia-builder-el-last  flex_column_div av-zero-column-padding  '     ><\/div>\n\n\n<style type=\"text\/css\" data-created_by=\"avia_inline_auto\" id=\"style-css-av-6zm9r-f19fe21bb3d898c5a6cf26fb3542649f\">\n#top .av-masonry.av-6zm9r-f19fe21bb3d898c5a6cf26fb3542649f{\nbackground-color:#191919;\n}\n<\/style>\n<div id='av-masonry-1' class='av-masonry av-6zm9r-f19fe21bb3d898c5a6cf26fb3542649f noHover av-fixed-size av-large-gap av-hover-overlay-active av-masonry-animation-active av-masonry-col-4 av-caption-always av-caption-style- av-masonry-gallery ' data-post_id=\"1100\"><div class=\"av-masonry-container isotope av-js-disabled\"><div class='av-masonry-entry isotope-item av-masonry-item-no-image '><\/div><a href=\"https:\/\/dinamobox.ee\/wp-content\/uploads\/2016\/05\/hero-7-1030x494.jpg\" data-srcset=\"https:\/\/dinamobox.ee\/wp-content\/uploads\/2016\/05\/hero-7-1030x494.jpg 1030w, https:\/\/dinamobox.ee\/wp-content\/uploads\/2016\/05\/hero-7-300x144.jpg 300w, https:\/\/dinamobox.ee\/wp-content\/uploads\/2016\/05\/hero-7-768x369.jpg 768w, https:\/\/dinamobox.ee\/wp-content\/uploads\/2016\/05\/hero-7-705x338.jpg 705w, https:\/\/dinamobox.ee\/wp-content\/uploads\/2016\/05\/hero-7.jpg 1500w\" data-sizes=\"(max-width: 1030px) 100vw, 1030px\"  aria-label=\"image image with no title\"  id='av-masonry-1-item-612' data-av-masonry-item='612' class='av-masonry-entry isotope-item post-612 attachment type-attachment status-inherit hentry  av-masonry-item-with-image' title=\"\" alt=\"\"    itemprop=\"thumbnailUrl\" ><div class='av-inner-masonry-sizer'><\/div><figure class='av-inner-masonry main_color'><div class=\"av-masonry-outerimage-container\"><div class='av-masonry-image-container' style=\"background-image: url(https:\/\/dinamobox.ee\/wp-content\/uploads\/2016\/05\/hero-7-705x338.jpg);\" ><\/div><\/div><\/figure><\/a><!--end av-masonry entry--><a href=\"https:\/\/dinamobox.ee\/wp-content\/uploads\/2016\/02\/hero-4-1030x494.jpg\" data-srcset=\"https:\/\/dinamobox.ee\/wp-content\/uploads\/2016\/02\/hero-4-1030x494.jpg 1030w, https:\/\/dinamobox.ee\/wp-content\/uploads\/2016\/02\/hero-4-300x144.jpg 300w, https:\/\/dinamobox.ee\/wp-content\/uploads\/2016\/02\/hero-4-768x369.jpg 768w, https:\/\/dinamobox.ee\/wp-content\/uploads\/2016\/02\/hero-4-705x338.jpg 705w, https:\/\/dinamobox.ee\/wp-content\/uploads\/2016\/02\/hero-4.jpg 1500w\" data-sizes=\"(max-width: 1030px) 100vw, 1030px\"  aria-label=\"image image with no title\"  id='av-masonry-1-item-548' data-av-masonry-item='548' class='av-masonry-entry isotope-item post-548 attachment type-attachment status-inherit hentry  av-masonry-item-with-image' title=\"\" alt=\"\"    itemprop=\"thumbnailUrl\" ><div class='av-inner-masonry-sizer'><\/div><figure class='av-inner-masonry main_color'><div class=\"av-masonry-outerimage-container\"><div class='av-masonry-image-container' style=\"background-image: url(https:\/\/dinamobox.ee\/wp-content\/uploads\/2016\/02\/hero-4-705x338.jpg);\" ><\/div><\/div><\/figure><\/a><!--end av-masonry entry--><a href=\"https:\/\/dinamobox.ee\/wp-content\/uploads\/2016\/02\/hero-3-1030x494.jpg\" data-srcset=\"https:\/\/dinamobox.ee\/wp-content\/uploads\/2016\/02\/hero-3-1030x494.jpg 1030w, https:\/\/dinamobox.ee\/wp-content\/uploads\/2016\/02\/hero-3-300x144.jpg 300w, https:\/\/dinamobox.ee\/wp-content\/uploads\/2016\/02\/hero-3-768x369.jpg 768w, https:\/\/dinamobox.ee\/wp-content\/uploads\/2016\/02\/hero-3-705x338.jpg 705w, https:\/\/dinamobox.ee\/wp-content\/uploads\/2016\/02\/hero-3.jpg 1500w\" data-sizes=\"(max-width: 1030px) 100vw, 1030px\"  aria-label=\"image image with no title\"  id='av-masonry-1-item-547' data-av-masonry-item='547' class='av-masonry-entry isotope-item post-547 attachment type-attachment status-inherit hentry  av-masonry-item-with-image' title=\"\" alt=\"\"    itemprop=\"thumbnailUrl\" ><div class='av-inner-masonry-sizer'><\/div><figure class='av-inner-masonry main_color'><div class=\"av-masonry-outerimage-container\"><div class='av-masonry-image-container' style=\"background-image: url(https:\/\/dinamobox.ee\/wp-content\/uploads\/2016\/02\/hero-3-705x338.jpg);\" ><\/div><\/div><\/figure><\/a><!--end av-masonry entry--><a href=\"https:\/\/dinamobox.ee\/wp-content\/uploads\/2016\/02\/hero-1-1030x494.jpg\" data-srcset=\"https:\/\/dinamobox.ee\/wp-content\/uploads\/2016\/02\/hero-1-1030x494.jpg 1030w, https:\/\/dinamobox.ee\/wp-content\/uploads\/2016\/02\/hero-1-300x144.jpg 300w, https:\/\/dinamobox.ee\/wp-content\/uploads\/2016\/02\/hero-1-768x369.jpg 768w, https:\/\/dinamobox.ee\/wp-content\/uploads\/2016\/02\/hero-1-705x338.jpg 705w, https:\/\/dinamobox.ee\/wp-content\/uploads\/2016\/02\/hero-1.jpg 1500w\" data-sizes=\"(max-width: 1030px) 100vw, 1030px\"  aria-label=\"image image with no title\"  id='av-masonry-1-item-546' data-av-masonry-item='546' class='av-masonry-entry isotope-item post-546 attachment type-attachment status-inherit hentry  av-masonry-item-with-image' title=\"\" alt=\"\"    itemprop=\"thumbnailUrl\" ><div class='av-inner-masonry-sizer'><\/div><figure class='av-inner-masonry main_color'><div class=\"av-masonry-outerimage-container\"><div class='av-masonry-image-container' style=\"background-image: url(https:\/\/dinamobox.ee\/wp-content\/uploads\/2016\/02\/hero-1-705x338.jpg);\" ><\/div><\/div><\/figure><\/a><!--end av-masonry entry--><a href=\"https:\/\/dinamobox.ee\/wp-content\/uploads\/2016\/02\/hero-5-1030x494.jpg\" data-srcset=\"https:\/\/dinamobox.ee\/wp-content\/uploads\/2016\/02\/hero-5-1030x494.jpg 1030w, https:\/\/dinamobox.ee\/wp-content\/uploads\/2016\/02\/hero-5-300x144.jpg 300w, https:\/\/dinamobox.ee\/wp-content\/uploads\/2016\/02\/hero-5-768x369.jpg 768w, https:\/\/dinamobox.ee\/wp-content\/uploads\/2016\/02\/hero-5-705x338.jpg 705w, https:\/\/dinamobox.ee\/wp-content\/uploads\/2016\/02\/hero-5.jpg 1500w\" data-sizes=\"(max-width: 1030px) 100vw, 1030px\"  aria-label=\"image image with no title\"  id='av-masonry-1-item-544' data-av-masonry-item='544' class='av-masonry-entry isotope-item post-544 attachment type-attachment status-inherit hentry  av-masonry-item-with-image' title=\"\" alt=\"\"    itemprop=\"thumbnailUrl\" ><div class='av-inner-masonry-sizer'><\/div><figure class='av-inner-masonry main_color'><div class=\"av-masonry-outerimage-container\"><div class='av-masonry-image-container' style=\"background-image: url(https:\/\/dinamobox.ee\/wp-content\/uploads\/2016\/02\/hero-5-705x338.jpg);\" ><\/div><\/div><\/figure><\/a><!--end av-masonry entry--><a href=\"https:\/\/dinamobox.ee\/wp-content\/uploads\/2016\/05\/sauna_woman-1-684x1030.jpg\" data-srcset=\"https:\/\/dinamobox.ee\/wp-content\/uploads\/2016\/05\/sauna_woman-1-684x1030.jpg 684w, https:\/\/dinamobox.ee\/wp-content\/uploads\/2016\/05\/sauna_woman-1-199x300.jpg 199w, https:\/\/dinamobox.ee\/wp-content\/uploads\/2016\/05\/sauna_woman-1-768x1157.jpg 768w, https:\/\/dinamobox.ee\/wp-content\/uploads\/2016\/05\/sauna_woman-1-1020x1536.jpg 1020w, https:\/\/dinamobox.ee\/wp-content\/uploads\/2016\/05\/sauna_woman-1-996x1500.jpg 996w, https:\/\/dinamobox.ee\/wp-content\/uploads\/2016\/05\/sauna_woman-1-468x705.jpg 468w, https:\/\/dinamobox.ee\/wp-content\/uploads\/2016\/05\/sauna_woman-1.jpg 1152w\" data-sizes=\"(max-width: 684px) 100vw, 684px\"  aria-label=\"image image with no title\"  id='av-masonry-1-item-712' data-av-masonry-item='712' class='av-masonry-entry isotope-item post-712 attachment type-attachment status-inherit hentry  av-masonry-item-with-image' title=\"\" alt=\"\"    itemprop=\"thumbnailUrl\" ><div class='av-inner-masonry-sizer'><\/div><figure class='av-inner-masonry main_color'><div class=\"av-masonry-outerimage-container\"><div class='av-masonry-image-container' style=\"background-image: url(https:\/\/dinamobox.ee\/wp-content\/uploads\/2016\/05\/sauna_woman-1-468x705.jpg);\" ><\/div><\/div><\/figure><\/a><!--end av-masonry entry--><a href=\"https:\/\/dinamobox.ee\/wp-content\/uploads\/2016\/02\/hero-6-1030x494.jpg\" data-srcset=\"https:\/\/dinamobox.ee\/wp-content\/uploads\/2016\/02\/hero-6-1030x494.jpg 1030w, https:\/\/dinamobox.ee\/wp-content\/uploads\/2016\/02\/hero-6-300x144.jpg 300w, https:\/\/dinamobox.ee\/wp-content\/uploads\/2016\/02\/hero-6-768x369.jpg 768w, https:\/\/dinamobox.ee\/wp-content\/uploads\/2016\/02\/hero-6-705x338.jpg 705w, https:\/\/dinamobox.ee\/wp-content\/uploads\/2016\/02\/hero-6.jpg 1500w\" data-sizes=\"(max-width: 1030px) 100vw, 1030px\"  aria-label=\"image image with no title\"  id='av-masonry-1-item-545' data-av-masonry-item='545' class='av-masonry-entry isotope-item post-545 attachment type-attachment status-inherit hentry  av-masonry-item-with-image' title=\"\" alt=\"\"    itemprop=\"thumbnailUrl\" ><div class='av-inner-masonry-sizer'><\/div><figure class='av-inner-masonry main_color'><div class=\"av-masonry-outerimage-container\"><div class='av-masonry-image-container' style=\"background-image: url(https:\/\/dinamobox.ee\/wp-content\/uploads\/2016\/02\/hero-6-705x338.jpg);\" ><\/div><\/div><\/figure><\/a><!--end av-masonry entry--><a href=\"https:\/\/dinamobox.ee\/wp-content\/uploads\/2016\/02\/hero-2-1030x494.jpg\" data-srcset=\"https:\/\/dinamobox.ee\/wp-content\/uploads\/2016\/02\/hero-2-1030x494.jpg 1030w, https:\/\/dinamobox.ee\/wp-content\/uploads\/2016\/02\/hero-2-300x144.jpg 300w, https:\/\/dinamobox.ee\/wp-content\/uploads\/2016\/02\/hero-2-768x369.jpg 768w, https:\/\/dinamobox.ee\/wp-content\/uploads\/2016\/02\/hero-2-705x338.jpg 705w, https:\/\/dinamobox.ee\/wp-content\/uploads\/2016\/02\/hero-2.jpg 1500w\" data-sizes=\"(max-width: 1030px) 100vw, 1030px\"  aria-label=\"image image with no title\"  id='av-masonry-1-item-549' data-av-masonry-item='549' class='av-masonry-entry isotope-item post-549 attachment type-attachment status-inherit hentry  av-masonry-item-with-image' title=\"\" alt=\"\"    itemprop=\"thumbnailUrl\" ><div class='av-inner-masonry-sizer'><\/div><figure class='av-inner-masonry main_color'><div class=\"av-masonry-outerimage-container\"><div class='av-masonry-image-container' style=\"background-image: url(https:\/\/dinamobox.ee\/wp-content\/uploads\/2016\/02\/hero-2-705x338.jpg);\" ><\/div><\/div><\/figure><\/a><!--end av-masonry entry--><\/div><\/div>\n","protected":false},"excerpt":{"rendered":"","protected":false},"author":1,"featured_media":0,"parent":515,"menu_order":0,"comment_status":"closed","ping_status":"closed","template":"","meta":{"footnotes":""},"class_list":["post-1100","page","type-page","status-publish","hentry"],"yoast_head":"<!-- This site is optimized with the Yoast SEO plugin v27.4 - https:\/\/yoast.com\/product\/yoast-seo-wordpress\/ -->\n<title>Meie saal - Poksiklubi D\u00fcnamo Tallinn<\/title>\n<meta name=\"robots\" content=\"index, follow, max-snippet:-1, max-image-preview:large, max-video-preview:-1\" \/>\n<link rel=\"canonical\" href=\"https:\/\/dinamobox.ee\/et\/about\/meie-saal\/\" \/>\n<meta property=\"og:locale\" content=\"et_EE\" \/>\n<meta property=\"og:type\" content=\"article\" \/>\n<meta property=\"og:title\" content=\"Meie saal - Poksiklubi D\u00fcnamo Tallinn\" \/>\n<meta property=\"og:url\" content=\"https:\/\/dinamobox.ee\/et\/about\/meie-saal\/\" \/>\n<meta property=\"og:site_name\" content=\"Poksiklubi D\u00fcnamo Tallinn\" \/>\n<meta property=\"article:publisher\" content=\"https:\/\/www.facebook.com\/dynamopoksiklubi\" \/>\n<meta property=\"article:modified_time\" content=\"2022-07-13T15:22:10+00:00\" \/>\n<meta name=\"twitter:card\" content=\"summary_large_image\" \/>\n<meta name=\"twitter:label1\" content=\"Est. reading time\" \/>\n\t<meta name=\"twitter:data1\" content=\"5 minutit\" \/>\n<script type=\"application\/ld+json\" class=\"yoast-schema-graph\">{\"@context\":\"https:\\\/\\\/schema.org\",\"@graph\":[{\"@type\":\"WebPage\",\"@id\":\"https:\\\/\\\/dinamobox.ee\\\/et\\\/about\\\/meie-saal\\\/\",\"url\":\"https:\\\/\\\/dinamobox.ee\\\/et\\\/about\\\/meie-saal\\\/\",\"name\":\"Meie saal - Poksiklubi D\u00fcnamo Tallinn\",\"isPartOf\":{\"@id\":\"https:\\\/\\\/dinamobox.ee\\\/et\\\/#website\"},\"datePublished\":\"2022-06-29T12:26:53+00:00\",\"dateModified\":\"2022-07-13T15:22:10+00:00\",\"breadcrumb\":{\"@id\":\"https:\\\/\\\/dinamobox.ee\\\/et\\\/about\\\/meie-saal\\\/#breadcrumb\"},\"inLanguage\":\"et\",\"potentialAction\":[{\"@type\":\"ReadAction\",\"target\":[\"https:\\\/\\\/dinamobox.ee\\\/et\\\/about\\\/meie-saal\\\/\"]}]},{\"@type\":\"BreadcrumbList\",\"@id\":\"https:\\\/\\\/dinamobox.ee\\\/et\\\/about\\\/meie-saal\\\/#breadcrumb\",\"itemListElement\":[{\"@type\":\"ListItem\",\"position\":1,\"name\":\"Home\",\"item\":\"https:\\\/\\\/dinamobox.ee\\\/et\\\/avaleht\\\/\"},{\"@type\":\"ListItem\",\"position\":2,\"name\":\"About\",\"item\":\"https:\\\/\\\/dinamobox.ee\\\/et\\\/?page_id=515\"},{\"@type\":\"ListItem\",\"position\":3,\"name\":\"Meie saal\"}]},{\"@type\":\"WebSite\",\"@id\":\"https:\\\/\\\/dinamobox.ee\\\/et\\\/#website\",\"url\":\"https:\\\/\\\/dinamobox.ee\\\/et\\\/\",\"name\":\"Poksiklubi D\u00fcnamo Tallinn\",\"description\":\"\",\"publisher\":{\"@id\":\"https:\\\/\\\/dinamobox.ee\\\/et\\\/#organization\"},\"potentialAction\":[{\"@type\":\"SearchAction\",\"target\":{\"@type\":\"EntryPoint\",\"urlTemplate\":\"https:\\\/\\\/dinamobox.ee\\\/et\\\/?s={search_term_string}\"},\"query-input\":{\"@type\":\"PropertyValueSpecification\",\"valueRequired\":true,\"valueName\":\"search_term_string\"}}],\"inLanguage\":\"et\"},{\"@type\":\"Organization\",\"@id\":\"https:\\\/\\\/dinamobox.ee\\\/et\\\/#organization\",\"name\":\"Poksiklubi D\u00fcnamo Tallinn\",\"url\":\"https:\\\/\\\/dinamobox.ee\\\/et\\\/\",\"logo\":{\"@type\":\"ImageObject\",\"inLanguage\":\"et\",\"@id\":\"https:\\\/\\\/dinamobox.ee\\\/et\\\/#\\\/schema\\\/logo\\\/image\\\/\",\"url\":\"https:\\\/\\\/dinamobox.ee\\\/wp-content\\\/uploads\\\/2022\\\/06\\\/logo-png.png\",\"contentUrl\":\"https:\\\/\\\/dinamobox.ee\\\/wp-content\\\/uploads\\\/2022\\\/06\\\/logo-png.png\",\"width\":1224,\"height\":1066,\"caption\":\"Poksiklubi D\u00fcnamo Tallinn\"},\"image\":{\"@id\":\"https:\\\/\\\/dinamobox.ee\\\/et\\\/#\\\/schema\\\/logo\\\/image\\\/\"},\"sameAs\":[\"https:\\\/\\\/www.facebook.com\\\/dynamopoksiklubi\"]}]}<\/script>\n<!-- \/ Yoast SEO plugin. -->","yoast_head_json":{"title":"Meie saal - Poksiklubi D\u00fcnamo Tallinn","robots":{"index":"index","follow":"follow","max-snippet":"max-snippet:-1","max-image-preview":"max-image-preview:large","max-video-preview":"max-video-preview:-1"},"canonical":"https:\/\/dinamobox.ee\/et\/about\/meie-saal\/","og_locale":"et_EE","og_type":"article","og_title":"Meie saal - Poksiklubi D\u00fcnamo Tallinn","og_url":"https:\/\/dinamobox.ee\/et\/about\/meie-saal\/","og_site_name":"Poksiklubi D\u00fcnamo Tallinn","article_publisher":"https:\/\/www.facebook.com\/dynamopoksiklubi","article_modified_time":"2022-07-13T15:22:10+00:00","twitter_card":"summary_large_image","twitter_misc":{"Est. reading time":"5 minutit"},"schema":{"@context":"https:\/\/schema.org","@graph":[{"@type":"WebPage","@id":"https:\/\/dinamobox.ee\/et\/about\/meie-saal\/","url":"https:\/\/dinamobox.ee\/et\/about\/meie-saal\/","name":"Meie saal - Poksiklubi D\u00fcnamo Tallinn","isPartOf":{"@id":"https:\/\/dinamobox.ee\/et\/#website"},"datePublished":"2022-06-29T12:26:53+00:00","dateModified":"2022-07-13T15:22:10+00:00","breadcrumb":{"@id":"https:\/\/dinamobox.ee\/et\/about\/meie-saal\/#breadcrumb"},"inLanguage":"et","potentialAction":[{"@type":"ReadAction","target":["https:\/\/dinamobox.ee\/et\/about\/meie-saal\/"]}]},{"@type":"BreadcrumbList","@id":"https:\/\/dinamobox.ee\/et\/about\/meie-saal\/#breadcrumb","itemListElement":[{"@type":"ListItem","position":1,"name":"Home","item":"https:\/\/dinamobox.ee\/et\/avaleht\/"},{"@type":"ListItem","position":2,"name":"About","item":"https:\/\/dinamobox.ee\/et\/?page_id=515"},{"@type":"ListItem","position":3,"name":"Meie saal"}]},{"@type":"WebSite","@id":"https:\/\/dinamobox.ee\/et\/#website","url":"https:\/\/dinamobox.ee\/et\/","name":"Poksiklubi D\u00fcnamo Tallinn","description":"","publisher":{"@id":"https:\/\/dinamobox.ee\/et\/#organization"},"potentialAction":[{"@type":"SearchAction","target":{"@type":"EntryPoint","urlTemplate":"https:\/\/dinamobox.ee\/et\/?s={search_term_string}"},"query-input":{"@type":"PropertyValueSpecification","valueRequired":true,"valueName":"search_term_string"}}],"inLanguage":"et"},{"@type":"Organization","@id":"https:\/\/dinamobox.ee\/et\/#organization","name":"Poksiklubi D\u00fcnamo Tallinn","url":"https:\/\/dinamobox.ee\/et\/","logo":{"@type":"ImageObject","inLanguage":"et","@id":"https:\/\/dinamobox.ee\/et\/#\/schema\/logo\/image\/","url":"https:\/\/dinamobox.ee\/wp-content\/uploads\/2022\/06\/logo-png.png","contentUrl":"https:\/\/dinamobox.ee\/wp-content\/uploads\/2022\/06\/logo-png.png","width":1224,"height":1066,"caption":"Poksiklubi D\u00fcnamo Tallinn"},"image":{"@id":"https:\/\/dinamobox.ee\/et\/#\/schema\/logo\/image\/"},"sameAs":["https:\/\/www.facebook.com\/dynamopoksiklubi"]}]}},"_links":{"self":[{"href":"https:\/\/dinamobox.ee\/et\/wp-json\/wp\/v2\/pages\/1100","targetHints":{"allow":["GET"]}}],"collection":[{"href":"https:\/\/dinamobox.ee\/et\/wp-json\/wp\/v2\/pages"}],"about":[{"href":"https:\/\/dinamobox.ee\/et\/wp-json\/wp\/v2\/types\/page"}],"author":[{"embeddable":true,"href":"https:\/\/dinamobox.ee\/et\/wp-json\/wp\/v2\/users\/1"}],"replies":[{"embeddable":true,"href":"https:\/\/dinamobox.ee\/et\/wp-json\/wp\/v2\/comments?post=1100"}],"version-history":[{"count":0,"href":"https:\/\/dinamobox.ee\/et\/wp-json\/wp\/v2\/pages\/1100\/revisions"}],"up":[{"embeddable":true,"href":"https:\/\/dinamobox.ee\/et\/wp-json\/wp\/v2\/pages\/515"}],"wp:attachment":[{"href":"https:\/\/dinamobox.ee\/et\/wp-json\/wp\/v2\/media?parent=1100"}],"curies":[{"name":"wp","href":"https:\/\/api.w.org\/{rel}","templated":true}]}}