{"id":860,"date":"2022-06-16T07:02:00","date_gmt":"2022-06-16T04:02:00","guid":{"rendered":"https:\/\/dinamobox.ee\/?page_id=860"},"modified":"2025-08-05T18:44:12","modified_gmt":"2025-08-05T15:44:12","slug":"kontakt","status":"publish","type":"page","link":"https:\/\/dinamobox.ee\/et\/kontakt\/","title":{"rendered":"Kontaktid"},"content":{"rendered":"<div id='av_section_1'  class='avia-section av-fycbl-d1cb6d01a1da3f50af8cae3ab931aac7 main_color avia-section-large avia-no-border-styling  avia-builder-el-0  el_before_av_section  avia-builder-el-first  avia-bg-style-scroll container_wrap sidebar_right'  ><div class='container av-section-cont-open' ><main  role=\"main\" itemprop=\"mainContentOfPage\"  class='template-page content  av-content-small alpha units'><div class='post-entry post-entry-type-page post-entry-860'><div class='entry-content-wrapper clearfix'>\n\n<style type=\"text\/css\" data-created_by=\"avia_inline_auto\" id=\"style-css-av-4a9c5d-a16d8d5b7a57175762d0c593c68c2add\">\n#top .av-special-heading.av-4a9c5d-a16d8d5b7a57175762d0c593c68c2add{\npadding-bottom:30px;\nfont-size:50px;\n}\nbody .av-special-heading.av-4a9c5d-a16d8d5b7a57175762d0c593c68c2add .av-special-heading-tag .heading-char{\nfont-size:25px;\n}\n#top #wrap_all .av-special-heading.av-4a9c5d-a16d8d5b7a57175762d0c593c68c2add .av-special-heading-tag{\nfont-size:50px;\n}\n.av-special-heading.av-4a9c5d-a16d8d5b7a57175762d0c593c68c2add .av-subheading{\nfont-size:15px;\n}\n\n@media only screen and (min-width: 480px) and (max-width: 767px){ \n#top #wrap_all .av-special-heading.av-4a9c5d-a16d8d5b7a57175762d0c593c68c2add .av-special-heading-tag{\nfont-size:0.8em;\n}\n}\n\n@media only screen and (max-width: 479px){ \n#top #wrap_all .av-special-heading.av-4a9c5d-a16d8d5b7a57175762d0c593c68c2add .av-special-heading-tag{\nfont-size:0.8em;\n}\n}\n<\/style>\n<div  class='av-special-heading av-4a9c5d-a16d8d5b7a57175762d0c593c68c2add av-special-heading-h1 blockquote modern-quote  avia-builder-el-1  el_before_av_one_half  avia-builder-el-first  av-thin-font av-inherit-size'><h1 class='av-special-heading-tag '  itemprop=\"headline\"  >Kontaktid<strong>.<\/strong><\/h1><div class=\"special-heading-border\"><div class=\"special-heading-inner-border\"><\/div><\/div><\/div>\n\n<style type=\"text\/css\" data-created_by=\"avia_inline_auto\" id=\"style-css-av-41qcg9-e28c27f4dbe9b4d443d24d79f634bce2\">\n.flex_column.av-41qcg9-e28c27f4dbe9b4d443d24d79f634bce2{\nborder-radius:0px 0px 0px 0px;\npadding:0px 0px 0px 0px;\n}\n<\/style>\n<div  class='flex_column av-41qcg9-e28c27f4dbe9b4d443d24d79f634bce2 av_one_half  avia-builder-el-2  el_after_av_heading  el_before_av_one_fourth  first flex_column_div av-zero-column-padding  '     ><section  class='av_textblock_section av-3vgz0x-b570ebd3db187cfcf63bc01b014e27cb '   itemscope=\"itemscope\" itemtype=\"https:\/\/schema.org\/CreativeWork\" ><div class='avia_textblock'  itemprop=\"text\" ><p>S\u00f5bralik klubi meeskond kutsub poisse ja t\u00fcdrukuid, mehi ja naisi treeningutele linna parimasse spetsialiseeritud poksisaali. F\u00fc\u00fcsilline ettevalmistus, ps\u00fchholoogilise stabiilsuse tunni, k\u00f5rge moraalne toonus aitavad teid elle j\u00e4\u00e4da ja realiseerida oma potentsiaali elus.<\/p>\n<p>Teid ootavad huvitavad treeningud ja uued s\u00f5brad!<\/p>\n<\/div><\/section><\/div>\n<style type=\"text\/css\" data-created_by=\"avia_inline_auto\" id=\"style-css-av-3nw26h-049870c1a52a730aaeb14942d0108889\">\n.flex_column.av-3nw26h-049870c1a52a730aaeb14942d0108889{\nborder-radius:0px 0px 0px 0px;\npadding:0px 0px 0px 0px;\n}\n<\/style>\n<div  class='flex_column av-3nw26h-049870c1a52a730aaeb14942d0108889 av_one_fourth  avia-builder-el-4  el_after_av_one_half  el_before_av_one_fourth  flex_column_div av-zero-column-padding  '     ><section  class='av_textblock_section av-3m5so1-85281e7a08fe45c4bb20ce45cdad22bd '   itemscope=\"itemscope\" itemtype=\"https:\/\/schema.org\/CreativeWork\" ><div class='avia_textblock'  itemprop=\"text\" ><p><strong>Aadress:<\/strong><br \/>\nP\u00f5hja Spordihoone<br \/>\nUus-Maleva 8, 11711 Tallinn<br \/>\nHarjumaa, Eesti<\/p>\n<p><a href=\"mailto:info@dinamobox.ee\">info@dinamobox.ee<\/a><\/p>\n<\/div><\/section><\/div>\n<style type=\"text\/css\" data-created_by=\"avia_inline_auto\" id=\"style-css-av-3gwcg9-a6898802276c0a60cdfdb5606f1a2f27\">\n.flex_column.av-3gwcg9-a6898802276c0a60cdfdb5606f1a2f27{\nborder-radius:0px 0px 0px 0px;\npadding:0px 0px 0px 0px;\n}\n<\/style>\n<div  class='flex_column av-3gwcg9-a6898802276c0a60cdfdb5606f1a2f27 av_one_fourth  avia-builder-el-6  el_after_av_one_fourth  avia-builder-el-last  flex_column_div av-zero-column-padding  '     ><section  class='av_textblock_section av-394uq1-f0b1aa09221e080faf7031a415580c2c '   itemscope=\"itemscope\" itemtype=\"https:\/\/schema.org\/CreativeWork\" ><div class='avia_textblock'  itemprop=\"text\" ><p><strong>Vladimir Mazjakin (RUS)<\/strong><br \/>\n+37253983580<\/p>\n<\/div><\/section><\/div><\/div><\/div><\/main><!-- close content main element --><\/div><\/div>\n<style type=\"text\/css\" data-created_by=\"avia_inline_auto\" id=\"style-css-av-3116q1-6f63a4f7700af7c3b03f6373cb8a614a\">\n.avia-section.av-3116q1-6f63a4f7700af7c3b03f6373cb8a614a{\nbackground-repeat:no-repeat;\nbackground-image:url(https:\/\/dinamobox.ee\/wp-content\/uploads\/2016\/02\/hero-2.jpg);\nbackground-position:50% 50%;\nbackground-attachment:fixed;\n}\n.avia-section.av-3116q1-6f63a4f7700af7c3b03f6373cb8a614a .av-section-color-overlay{\nopacity:0.8;\nbackground-color:#000000;\n}\n<\/style>\n<div id='av_section_2'  class='avia-section av-3116q1-6f63a4f7700af7c3b03f6373cb8a614a alternate_color avia-section-huge avia-no-border-styling  avia-builder-el-8  el_after_av_section  el_before_av_google_map  avia-full-stretch avia-bg-style-fixed av-section-color-overlay-active container_wrap sidebar_right'  data-section-bg-repeat='stretch'><div class=\"av-section-color-overlay-wrap\"><div class=\"av-section-color-overlay\"><\/div><div class='container av-section-cont-open' ><div class='template-page content  av-content-small alpha units'><div class='post-entry post-entry-type-page post-entry-860'><div class='entry-content-wrapper clearfix'>\n\n<style type=\"text\/css\" data-created_by=\"avia_inline_auto\" id=\"style-css-av-aixll-16622acdebb1b68d947c2a3b6b127296\">\n.flex_column.av-aixll-16622acdebb1b68d947c2a3b6b127296{\nborder-radius:0px 0px 0px 0px;\npadding:0px 0px 0px 0px;\n}\n<\/style>\n<div  class='flex_column av-aixll-16622acdebb1b68d947c2a3b6b127296 av_three_fifth  avia-builder-el-9  el_before_av_two_fifth  avia-builder-el-first  first flex_column_div av-zero-column-padding  '     ><p>\n<style type=\"text\/css\" data-created_by=\"avia_inline_auto\" id=\"style-css-av-2rzszl-935032a333a2c9dd519f5e847e08e692\">\n#top .av-special-heading.av-2rzszl-935032a333a2c9dd519f5e847e08e692{\npadding-bottom:20px;\nfont-size:50px;\n}\nbody .av-special-heading.av-2rzszl-935032a333a2c9dd519f5e847e08e692 .av-special-heading-tag .heading-char{\nfont-size:25px;\n}\n#top #wrap_all .av-special-heading.av-2rzszl-935032a333a2c9dd519f5e847e08e692 .av-special-heading-tag{\nfont-size:50px;\n}\n.av-special-heading.av-2rzszl-935032a333a2c9dd519f5e847e08e692 .av-subheading{\nfont-size:15px;\n}\n\n@media only screen and (min-width: 480px) and (max-width: 767px){ \n#top #wrap_all .av-special-heading.av-2rzszl-935032a333a2c9dd519f5e847e08e692 .av-special-heading-tag{\nfont-size:0.8em;\n}\n}\n\n@media only screen and (max-width: 479px){ \n#top #wrap_all .av-special-heading.av-2rzszl-935032a333a2c9dd519f5e847e08e692 .av-special-heading-tag{\nfont-size:0.8em;\n}\n}\n<\/style>\n<div  class='av-special-heading av-2rzszl-935032a333a2c9dd519f5e847e08e692 av-special-heading-h1 blockquote modern-quote modern-centered  avia-builder-el-10  el_before_av_contact  avia-builder-el-first  av-thin-font av-inherit-size'><h1 class='av-special-heading-tag '  itemprop=\"headline\"  >Kirjutage meie<strong>.<\/strong><\/h1><div class=\"special-heading-border\"><div class=\"special-heading-inner-border\"><\/div><\/div><\/div><br \/>\n<form action=\"https:\/\/dinamobox.ee\/et\/kontakt\/\" method=\"post\" data-fields-with-error=\"Found errors in the following field(s):\" class=\"avia_ajax_form av-form-labels-hidden   avia-builder-el-11  el_after_av_heading  avia-builder-el-last  av-custom-form-color av-light-form \" data-avia-form-id=\"1\" data-avia-redirect='' ><fieldset><p class='  first_form  form_element form_element_half' id='element_avia_1_1'><label for=\"avia_1_1\">Nimi <abbr class=\"required\" title=\"required\">*<\/abbr><\/label> <input name=\"avia_1_1\" class=\"text_input is_empty\" type=\"text\" id=\"avia_1_1\" value=\"\"  placeholder='Nimi*'\/><\/p><p class='  form_element form_element_half' id='element_avia_2_1'><label for=\"avia_2_1\">E-post <abbr class=\"required\" title=\"required\">*<\/abbr><\/label> <input name=\"avia_2_1\" class=\"text_input is_email\" type=\"text\" id=\"avia_2_1\" value=\"\"  placeholder='E-post*'\/><\/p><p class='  first_form  form_element form_fullwidth' id='element_avia_3_1'><label for=\"avia_3_1\">Teema <abbr class=\"required\" title=\"required\">*<\/abbr><\/label> <input name=\"avia_3_1\" class=\"text_input is_empty\" type=\"text\" id=\"avia_3_1\" value=\"\"  placeholder='Teema*'\/><\/p><p class='  first_form  form_element form_fullwidth' id='element_avia_4_1'><label for=\"avia_4_1\" class=\"textare_label hidden textare_label_avia_4_1\">S\u00f5num <abbr class=\"required\" title=\"required\">*<\/abbr><\/label><textarea  placeholder='S\u00f5num*' name=\"avia_4_1\" class=\"text_area is_empty\" cols=\"40\" rows=\"7\" id=\"avia_4_1\" ><\/textarea><\/p><p class=\"hidden\"><input type=\"text\" name=\"avia_5_1\" class=\"hidden \" id=\"avia_5_1\" value=\"\" \/><\/p><div id='avia_6_1' class='av-recaptcha-area  first_form  form_element form_fullwidth '  data-container_class=\"\" data-custom_class=\"\" data-context=\"av_contact_form\" data-token_input=\"av_recaptcha_token\" data-version=\"avia_recaptcha_v3\" data-theme=\"light\" data-size=\"normal\" data-score=\"0.5\" data-text_to_preview=\"\" data-value=\"\"><div class=\"av-google-badge-message hidden\">This site is protected by reCAPTCHA and the Google <a href=\"https:\/\/policies.google.com\/privacy\" target=\"_blank\" rel=\"noopener noreferrer\">Privacy Policy<\/a> and <a href=\"https:\/\/policies.google.com\/terms\" target=\"_blank\" rel=\"noopener noreferrer\">Terms of Service<\/a> apply.<\/div><\/div><p class=\"form_element \"><input type=\"hidden\" value=\"1\" name=\"avia_generated_form1\" \/><input type=\"submit\" value=\"Saada\" class=\"button\"  data-sending-label=\"Sending\"\/><\/p><\/fieldset><div class=\"avia-disabled-form\">This contact form is deactivated because you refused to accept Google reCaptcha service which is necessary to validate any messages sent by the form.<\/div><\/form><div id=\"ajaxresponse_1\" class=\"ajaxresponse ajaxresponse_1 hidden\"><\/div><\/p><\/div>\n<style type=\"text\/css\" data-created_by=\"avia_inline_auto\" id=\"style-css-av-1t3mrl-5bebc2cd3eccf1aae1bfc37c5e011f1b\">\n.flex_column.av-1t3mrl-5bebc2cd3eccf1aae1bfc37c5e011f1b{\nborder-radius:0px 0px 0px 0px;\npadding:0px 0px 0px 0px;\n}\n<\/style>\n<div  class='flex_column av-1t3mrl-5bebc2cd3eccf1aae1bfc37c5e011f1b av_two_fifth  avia-builder-el-12  el_after_av_three_fifth  avia-builder-el-last  flex_column_div av-zero-column-padding  '     ><p>\n<style type=\"text\/css\" data-created_by=\"avia_inline_auto\" id=\"style-css-av-1m4fk1-de9106647756221238743543134ae1a0\">\n#top .av-special-heading.av-1m4fk1-de9106647756221238743543134ae1a0{\npadding-bottom:20px;\nfont-size:50px;\n}\nbody .av-special-heading.av-1m4fk1-de9106647756221238743543134ae1a0 .av-special-heading-tag .heading-char{\nfont-size:25px;\n}\n#top #wrap_all .av-special-heading.av-1m4fk1-de9106647756221238743543134ae1a0 .av-special-heading-tag{\nfont-size:50px;\n}\n.av-special-heading.av-1m4fk1-de9106647756221238743543134ae1a0 .av-subheading{\nfont-size:15px;\n}\n\n@media only screen and (min-width: 480px) and (max-width: 767px){ \n#top #wrap_all .av-special-heading.av-1m4fk1-de9106647756221238743543134ae1a0 .av-special-heading-tag{\nfont-size:0.8em;\n}\n}\n\n@media only screen and (max-width: 479px){ \n#top #wrap_all .av-special-heading.av-1m4fk1-de9106647756221238743543134ae1a0 .av-special-heading-tag{\nfont-size:0.8em;\n}\n}\n<\/style>\n<div  class='av-special-heading av-1m4fk1-de9106647756221238743543134ae1a0 av-special-heading-h1 blockquote modern-quote modern-centered  avia-builder-el-13  el_before_av_textblock  avia-builder-el-first  av-thin-font av-inherit-size'><h1 class='av-special-heading-tag '  itemprop=\"headline\"  >V\u00f5ta meiega \u00fchendust<strong>&#8230;<\/strong><\/h1><div class=\"special-heading-border\"><div class=\"special-heading-inner-border\"><\/div><\/div><\/div><br \/>\n\n<style type=\"text\/css\" data-created_by=\"avia_inline_auto\" id=\"style-css-av-1ebsxl-502e0700d4654a33b222270250429601\">\n#top .av_textblock_section.av-1ebsxl-502e0700d4654a33b222270250429601 .avia_textblock{\ncolor:#ffffff;\n}\n<\/style>\n<section  class='av_textblock_section av-1ebsxl-502e0700d4654a33b222270250429601 '   itemscope=\"itemscope\" itemtype=\"https:\/\/schema.org\/CreativeWork\" ><div class='avia_textblock av_inherit_color'  itemprop=\"text\" ><p>Kui teil tekkisid mingid k\u00fcsimused v\u00f5i ettepanekud, kirjutage julgelt meile. Vastame Teile esimesel v\u00f5imalusel.<\/p>\n<\/div><\/section><\/p><\/div>\n<\/p>\n<div  class='av_gmaps_sc_main_wrap av_gmaps_main_wrap '><div id='av_gmap_0' class='avia-google-map-container avia-google-map-sc av_gmaps_show_unconditionally av-no-fallback-img ' data-mapid='av_gmap_0'  style='height: 400px;'><a class=\"av_gmaps_browser_disabled av_text_confirm_link av_text_confirm_link_visible\" href=\"https:\/\/www.google.com\/maps\/search\/?api=1&#038;query=Uus-Maleva%208%2011711%20Tallinn%20Harjumaa%20Estonia\" target=\"_blank\">Maps were disabled by the visitor on this site. Click to open the map in a new window.<\/a><\/div><\/div>\n","protected":false},"excerpt":{"rendered":"","protected":false},"author":1,"featured_media":0,"parent":0,"menu_order":0,"comment_status":"closed","ping_status":"closed","template":"","meta":{"footnotes":""},"class_list":["post-860","page","type-page","status-publish","hentry"],"yoast_head":"<!-- This site is optimized with the Yoast SEO plugin v27.4 - https:\/\/yoast.com\/product\/yoast-seo-wordpress\/ -->\n<title>Kontaktid - Poksiklubi D\u00fcnamo Tallinn<\/title>\n<meta name=\"robots\" content=\"index, follow, max-snippet:-1, max-image-preview:large, max-video-preview:-1\" \/>\n<link rel=\"canonical\" href=\"https:\/\/dinamobox.ee\/et\/kontakt\/\" \/>\n<meta property=\"og:locale\" content=\"et_EE\" \/>\n<meta property=\"og:type\" content=\"article\" \/>\n<meta property=\"og:title\" content=\"Kontaktid - Poksiklubi D\u00fcnamo Tallinn\" \/>\n<meta property=\"og:url\" content=\"https:\/\/dinamobox.ee\/et\/kontakt\/\" \/>\n<meta property=\"og:site_name\" content=\"Poksiklubi D\u00fcnamo Tallinn\" \/>\n<meta property=\"article:publisher\" content=\"https:\/\/www.facebook.com\/dynamopoksiklubi\" \/>\n<meta property=\"article:modified_time\" content=\"2025-08-05T15:44:12+00:00\" \/>\n<meta name=\"twitter:card\" content=\"summary_large_image\" \/>\n<meta name=\"twitter:label1\" content=\"Est. reading time\" \/>\n\t<meta name=\"twitter:data1\" content=\"7 minutit\" \/>\n<script type=\"application\/ld+json\" class=\"yoast-schema-graph\">{\"@context\":\"https:\\\/\\\/schema.org\",\"@graph\":[{\"@type\":\"WebPage\",\"@id\":\"https:\\\/\\\/dinamobox.ee\\\/et\\\/kontakt\\\/\",\"url\":\"https:\\\/\\\/dinamobox.ee\\\/et\\\/kontakt\\\/\",\"name\":\"Kontaktid - Poksiklubi D\u00fcnamo Tallinn\",\"isPartOf\":{\"@id\":\"https:\\\/\\\/dinamobox.ee\\\/et\\\/#website\"},\"datePublished\":\"2022-06-16T04:02:00+00:00\",\"dateModified\":\"2025-08-05T15:44:12+00:00\",\"breadcrumb\":{\"@id\":\"https:\\\/\\\/dinamobox.ee\\\/et\\\/kontakt\\\/#breadcrumb\"},\"inLanguage\":\"et\",\"potentialAction\":[{\"@type\":\"ReadAction\",\"target\":[\"https:\\\/\\\/dinamobox.ee\\\/et\\\/kontakt\\\/\"]}]},{\"@type\":\"BreadcrumbList\",\"@id\":\"https:\\\/\\\/dinamobox.ee\\\/et\\\/kontakt\\\/#breadcrumb\",\"itemListElement\":[{\"@type\":\"ListItem\",\"position\":1,\"name\":\"Home\",\"item\":\"https:\\\/\\\/dinamobox.ee\\\/et\\\/avaleht\\\/\"},{\"@type\":\"ListItem\",\"position\":2,\"name\":\"Kontaktid\"}]},{\"@type\":\"WebSite\",\"@id\":\"https:\\\/\\\/dinamobox.ee\\\/et\\\/#website\",\"url\":\"https:\\\/\\\/dinamobox.ee\\\/et\\\/\",\"name\":\"Poksiklubi D\u00fcnamo Tallinn\",\"description\":\"\",\"publisher\":{\"@id\":\"https:\\\/\\\/dinamobox.ee\\\/et\\\/#organization\"},\"potentialAction\":[{\"@type\":\"SearchAction\",\"target\":{\"@type\":\"EntryPoint\",\"urlTemplate\":\"https:\\\/\\\/dinamobox.ee\\\/et\\\/?s={search_term_string}\"},\"query-input\":{\"@type\":\"PropertyValueSpecification\",\"valueRequired\":true,\"valueName\":\"search_term_string\"}}],\"inLanguage\":\"et\"},{\"@type\":\"Organization\",\"@id\":\"https:\\\/\\\/dinamobox.ee\\\/et\\\/#organization\",\"name\":\"Poksiklubi D\u00fcnamo Tallinn\",\"url\":\"https:\\\/\\\/dinamobox.ee\\\/et\\\/\",\"logo\":{\"@type\":\"ImageObject\",\"inLanguage\":\"et\",\"@id\":\"https:\\\/\\\/dinamobox.ee\\\/et\\\/#\\\/schema\\\/logo\\\/image\\\/\",\"url\":\"https:\\\/\\\/dinamobox.ee\\\/wp-content\\\/uploads\\\/2022\\\/06\\\/logo-png.png\",\"contentUrl\":\"https:\\\/\\\/dinamobox.ee\\\/wp-content\\\/uploads\\\/2022\\\/06\\\/logo-png.png\",\"width\":1224,\"height\":1066,\"caption\":\"Poksiklubi D\u00fcnamo Tallinn\"},\"image\":{\"@id\":\"https:\\\/\\\/dinamobox.ee\\\/et\\\/#\\\/schema\\\/logo\\\/image\\\/\"},\"sameAs\":[\"https:\\\/\\\/www.facebook.com\\\/dynamopoksiklubi\"]}]}<\/script>\n<!-- \/ Yoast SEO plugin. -->","yoast_head_json":{"title":"Kontaktid - Poksiklubi D\u00fcnamo Tallinn","robots":{"index":"index","follow":"follow","max-snippet":"max-snippet:-1","max-image-preview":"max-image-preview:large","max-video-preview":"max-video-preview:-1"},"canonical":"https:\/\/dinamobox.ee\/et\/kontakt\/","og_locale":"et_EE","og_type":"article","og_title":"Kontaktid - Poksiklubi D\u00fcnamo Tallinn","og_url":"https:\/\/dinamobox.ee\/et\/kontakt\/","og_site_name":"Poksiklubi D\u00fcnamo Tallinn","article_publisher":"https:\/\/www.facebook.com\/dynamopoksiklubi","article_modified_time":"2025-08-05T15:44:12+00:00","twitter_card":"summary_large_image","twitter_misc":{"Est. reading time":"7 minutit"},"schema":{"@context":"https:\/\/schema.org","@graph":[{"@type":"WebPage","@id":"https:\/\/dinamobox.ee\/et\/kontakt\/","url":"https:\/\/dinamobox.ee\/et\/kontakt\/","name":"Kontaktid - Poksiklubi D\u00fcnamo Tallinn","isPartOf":{"@id":"https:\/\/dinamobox.ee\/et\/#website"},"datePublished":"2022-06-16T04:02:00+00:00","dateModified":"2025-08-05T15:44:12+00:00","breadcrumb":{"@id":"https:\/\/dinamobox.ee\/et\/kontakt\/#breadcrumb"},"inLanguage":"et","potentialAction":[{"@type":"ReadAction","target":["https:\/\/dinamobox.ee\/et\/kontakt\/"]}]},{"@type":"BreadcrumbList","@id":"https:\/\/dinamobox.ee\/et\/kontakt\/#breadcrumb","itemListElement":[{"@type":"ListItem","position":1,"name":"Home","item":"https:\/\/dinamobox.ee\/et\/avaleht\/"},{"@type":"ListItem","position":2,"name":"Kontaktid"}]},{"@type":"WebSite","@id":"https:\/\/dinamobox.ee\/et\/#website","url":"https:\/\/dinamobox.ee\/et\/","name":"Poksiklubi D\u00fcnamo Tallinn","description":"","publisher":{"@id":"https:\/\/dinamobox.ee\/et\/#organization"},"potentialAction":[{"@type":"SearchAction","target":{"@type":"EntryPoint","urlTemplate":"https:\/\/dinamobox.ee\/et\/?s={search_term_string}"},"query-input":{"@type":"PropertyValueSpecification","valueRequired":true,"valueName":"search_term_string"}}],"inLanguage":"et"},{"@type":"Organization","@id":"https:\/\/dinamobox.ee\/et\/#organization","name":"Poksiklubi D\u00fcnamo Tallinn","url":"https:\/\/dinamobox.ee\/et\/","logo":{"@type":"ImageObject","inLanguage":"et","@id":"https:\/\/dinamobox.ee\/et\/#\/schema\/logo\/image\/","url":"https:\/\/dinamobox.ee\/wp-content\/uploads\/2022\/06\/logo-png.png","contentUrl":"https:\/\/dinamobox.ee\/wp-content\/uploads\/2022\/06\/logo-png.png","width":1224,"height":1066,"caption":"Poksiklubi D\u00fcnamo Tallinn"},"image":{"@id":"https:\/\/dinamobox.ee\/et\/#\/schema\/logo\/image\/"},"sameAs":["https:\/\/www.facebook.com\/dynamopoksiklubi"]}]}},"_links":{"self":[{"href":"https:\/\/dinamobox.ee\/et\/wp-json\/wp\/v2\/pages\/860","targetHints":{"allow":["GET"]}}],"collection":[{"href":"https:\/\/dinamobox.ee\/et\/wp-json\/wp\/v2\/pages"}],"about":[{"href":"https:\/\/dinamobox.ee\/et\/wp-json\/wp\/v2\/types\/page"}],"author":[{"embeddable":true,"href":"https:\/\/dinamobox.ee\/et\/wp-json\/wp\/v2\/users\/1"}],"replies":[{"embeddable":true,"href":"https:\/\/dinamobox.ee\/et\/wp-json\/wp\/v2\/comments?post=860"}],"version-history":[{"count":0,"href":"https:\/\/dinamobox.ee\/et\/wp-json\/wp\/v2\/pages\/860\/revisions"}],"wp:attachment":[{"href":"https:\/\/dinamobox.ee\/et\/wp-json\/wp\/v2\/media?parent=860"}],"curies":[{"name":"wp","href":"https:\/\/api.w.org\/{rel}","templated":true}]}}