{"id":879,"date":"2022-06-16T07:47:34","date_gmt":"2022-06-16T04:47:34","guid":{"rendered":"https:\/\/dinamobox.ee\/?page_id=879"},"modified":"2025-10-28T21:33:58","modified_gmt":"2025-10-28T19:33:58","slug":"tunniplaan","status":"publish","type":"page","link":"https:\/\/dinamobox.ee\/et\/tunniplaan\/","title":{"rendered":"Tunniplaan"},"content":{"rendered":"<div id='av_section_1'  class='avia-section av-oeix2w-fd88c65d352e1db63d41bd4210cf3bab main_color avia-section-large avia-no-border-styling  avia-builder-el-0  el_before_av_section  avia-builder-el-first  avia-bg-style-scroll container_wrap sidebar_right'  ><div class='container av-section-cont-open' ><main  role=\"main\" itemprop=\"mainContentOfPage\"  class='template-page content  av-content-small alpha units'><div class='post-entry post-entry-type-page post-entry-879'><div class='entry-content-wrapper clearfix'>\n\n<style type=\"text\/css\" data-created_by=\"avia_inline_auto\" id=\"style-css-av-2f8yhc-1e73c66a66ec2ebc087fe80e5ffefcd8\">\n#top .av-special-heading.av-2f8yhc-1e73c66a66ec2ebc087fe80e5ffefcd8{\npadding-bottom:30px;\nfont-size:50px;\n}\nbody .av-special-heading.av-2f8yhc-1e73c66a66ec2ebc087fe80e5ffefcd8 .av-special-heading-tag .heading-char{\nfont-size:25px;\n}\n#top #wrap_all .av-special-heading.av-2f8yhc-1e73c66a66ec2ebc087fe80e5ffefcd8 .av-special-heading-tag{\nfont-size:50px;\n}\n.av-special-heading.av-2f8yhc-1e73c66a66ec2ebc087fe80e5ffefcd8 .av-subheading{\nfont-size:15px;\n}\n\n@media only screen and (min-width: 480px) and (max-width: 767px){ \n#top #wrap_all .av-special-heading.av-2f8yhc-1e73c66a66ec2ebc087fe80e5ffefcd8 .av-special-heading-tag{\nfont-size:0.8em;\n}\n}\n\n@media only screen and (max-width: 479px){ \n#top #wrap_all .av-special-heading.av-2f8yhc-1e73c66a66ec2ebc087fe80e5ffefcd8 .av-special-heading-tag{\nfont-size:0.8em;\n}\n}\n<\/style>\n<div  class='av-special-heading av-2f8yhc-1e73c66a66ec2ebc087fe80e5ffefcd8 av-special-heading-h1 blockquote modern-quote  avia-builder-el-1  el_before_av_one_half  avia-builder-el-first  av-thin-font av-inherit-size'><h1 class='av-special-heading-tag '  itemprop=\"headline\"  >Tunniplaan 2025\/2026<strong>.<\/strong><\/h1><div class=\"special-heading-border\"><div class=\"special-heading-inner-border\"><\/div><\/div><\/div>\n\n<style type=\"text\/css\" data-created_by=\"avia_inline_auto\" id=\"style-css-av-o0sk0g-28b1e65c4fe85a1339c6312663900d89\">\n.flex_column.av-o0sk0g-28b1e65c4fe85a1339c6312663900d89{\nborder-radius:0px 0px 0px 0px;\npadding:0px 0px 0px 0px;\n}\n<\/style>\n<div  class='flex_column av-o0sk0g-28b1e65c4fe85a1339c6312663900d89 av_one_half  avia-builder-el-2  el_after_av_heading  avia-builder-el-last  first flex_column_div av-zero-column-padding  '     ><style type=\"text\/css\" data-created_by=\"avia_inline_auto\" id=\"style-css-av-nuq8g0-c303d8e3246fc7ccb552cd7e6222f014\">\n#top .av_textblock_section.av-nuq8g0-c303d8e3246fc7ccb552cd7e6222f014 .avia_textblock{\ncolor:#372be5;\n}\n<\/style>\n<section  class='av_textblock_section av-nuq8g0-c303d8e3246fc7ccb552cd7e6222f014 '   itemscope=\"itemscope\" itemtype=\"https:\/\/schema.org\/CreativeWork\" ><div class='avia_textblock av_inherit_color'  itemprop=\"text\" ><h1><strong>Tunniplaan kehtib: <\/strong><\/h1>\n<h1>01.09.2025-31.05.2026<\/h1>\n<\/div><\/section><\/div>\n\n<\/div><\/div><\/main><!-- close content main element --><\/div><\/div><div id='av_section_2'  class='avia-section av-ncrsu8-197cf4e0a826fa49b16ccc881483a39e alternate_color avia-section-large avia-no-border-styling  avia-builder-el-4  el_after_av_section  el_before_av_section  avia-bg-style-scroll container_wrap sidebar_right'  ><div class='container av-section-cont-open' ><div class='template-page content  av-content-small alpha units'><div class='post-entry post-entry-type-page post-entry-879'><div class='entry-content-wrapper clearfix'>\n<div class='avia-data-table-wrap av-n7xobk-6a0de461fae5143ee0275bd0bcf68e98 avia_responsive_table avia-table-1'><table  class='avia-table avia-data-table avia_pricing_minimal  avia-builder-el-5  avia-builder-el-no-sibling '  itemscope=\"itemscope\" itemtype=\"https:\/\/schema.org\/Table\" ><caption>Ajad v\u00f5ivad muutuda. Palun v\u00f5tke meiega \u00fchendust kinnituse saamiseks.<\/caption><tbody><tr class=''><td class='avia-highlight-col'>NOOREMAD POISID<\/td><td class=''>Treener &#8211; Vladimir Mazjakin, Sergei Baranov<br \/>\nTeisip\u00e4ev 16.00-17.30, 17.30-19.00<br \/>\nNeljap\u00e4ev 16.00-17.30, 17.30-19.00<br \/>\nLaup\u00e4ev 11.00-12.30, 12.30-14.00<\/td><\/tr><tr class=''><td class='avia-highlight-col'>VANEMAD POISID<\/td><td class=''>Treener &#8211; Vladimir Mazjakin<br \/>\nEsmasp\u00e4ev 17.00-19.00<br \/>\nKolmap\u00e4ev 17.00-19.00<br \/>\nReede 17.00-19.00<\/p>\n<\/td><\/tr><tr class=''><td class='avia-highlight-col'>FITNESS-POKS, VANEMAD POISID<\/td><td class=''>Treener &#8211; Vladimir Mazjakin, Vladimir Skorkin<br \/>\nEsmasp\u00e4ev 19.00-20.30<br \/>\nKolmap\u00e4ev 19.00-20.30<br \/>\nReede 19.00-20.30<\/td><\/tr><tr class=''><td class='avia-highlight-col'>FITNESS-POKS, VANEMAD POISID<\/td><td class=''>Treener &#8211; Vladimir Mazjakin, Vladimir Skorkin<br \/>\nTeisip\u00e4ev 19.00-20.30<br \/>\nNeljap\u00e4ev 19.00-20.30<br \/>\nLaup\u00e4ev 11.00-12.30<\/td><\/tr><\/tbody><\/table><\/div>\n<\/div><\/div><\/div><!-- close content main div --><\/div><\/div>\n<style type=\"text\/css\" data-created_by=\"avia_inline_auto\" id=\"style-css-av-2ac6a8-8fd90b06486ab74253d6bfb0bf551c0f\">\n.avia-section.av-2ac6a8-8fd90b06486ab74253d6bfb0bf551c0f{\nbackground-repeat:no-repeat;\nbackground-image:url(https:\/\/dinamobox.ee\/wp-content\/uploads\/2016\/02\/hero-5.jpg);\nbackground-position:50% 50%;\nbackground-attachment:fixed;\n}\n.avia-section.av-2ac6a8-8fd90b06486ab74253d6bfb0bf551c0f .av-section-color-overlay{\nopacity:0.8;\nbackground-color:#000000;\n}\n<\/style>\n<div id='av_section_3'  class='avia-section av-2ac6a8-8fd90b06486ab74253d6bfb0bf551c0f alternate_color avia-section-huge avia-no-border-styling  avia-builder-el-6  el_after_av_section  avia-builder-el-last  avia-full-stretch avia-bg-style-fixed av-section-color-overlay-active container_wrap sidebar_right'  data-section-bg-repeat='stretch'><div class=\"av-section-color-overlay-wrap\"><div class=\"av-section-color-overlay\"><\/div><div class='container av-section-cont-open' ><div class='template-page content  av-content-small alpha units'><div class='post-entry post-entry-type-page post-entry-879'><div class='entry-content-wrapper clearfix'>\n\n<style type=\"text\/css\" data-created_by=\"avia_inline_auto\" id=\"style-css-av-23tmm0-d87f8fcdfe7d139998243003fa2e3333\">\n.flex_column.av-23tmm0-d87f8fcdfe7d139998243003fa2e3333{\nborder-radius:0px 0px 0px 0px;\npadding:0px 0px 0px 0px;\n}\n<\/style>\n<div  class='flex_column av-23tmm0-d87f8fcdfe7d139998243003fa2e3333 av_one_fifth  avia-builder-el-7  el_before_av_three_fifth  avia-builder-el-first  first flex_column_div av-zero-column-padding  '     ><\/div>\n<style type=\"text\/css\" data-created_by=\"avia_inline_auto\" id=\"style-css-av-6p7a0-78e453e5bb353bed1b3e5169d7ea3572\">\n.flex_column.av-6p7a0-78e453e5bb353bed1b3e5169d7ea3572{\nborder-radius:0px 0px 0px 0px;\npadding:0px 0px 0px 0px;\n}\n<\/style>\n<div  class='flex_column av-6p7a0-78e453e5bb353bed1b3e5169d7ea3572 av_three_fifth  avia-builder-el-8  el_after_av_one_fifth  el_before_av_one_fifth  flex_column_div av-zero-column-padding  '     ><p>\n<style type=\"text\/css\" data-created_by=\"avia_inline_auto\" id=\"style-css-av-1qdg20-3504e0e21cebd8765e1e09a4c3329a77\">\n#top .av-special-heading.av-1qdg20-3504e0e21cebd8765e1e09a4c3329a77{\npadding-bottom:20px;\nfont-size:50px;\n}\nbody .av-special-heading.av-1qdg20-3504e0e21cebd8765e1e09a4c3329a77 .av-special-heading-tag .heading-char{\nfont-size:25px;\n}\n#top #wrap_all .av-special-heading.av-1qdg20-3504e0e21cebd8765e1e09a4c3329a77 .av-special-heading-tag{\nfont-size:50px;\n}\n.av-special-heading.av-1qdg20-3504e0e21cebd8765e1e09a4c3329a77 .av-subheading{\nfont-size:15px;\n}\n\n@media only screen and (min-width: 480px) and (max-width: 767px){ \n#top #wrap_all .av-special-heading.av-1qdg20-3504e0e21cebd8765e1e09a4c3329a77 .av-special-heading-tag{\nfont-size:0.8em;\n}\n}\n\n@media only screen and (max-width: 479px){ \n#top #wrap_all .av-special-heading.av-1qdg20-3504e0e21cebd8765e1e09a4c3329a77 .av-special-heading-tag{\nfont-size:0.8em;\n}\n}\n<\/style>\n<div  class='av-special-heading av-1qdg20-3504e0e21cebd8765e1e09a4c3329a77 av-special-heading-h1 blockquote modern-quote modern-centered  avia-builder-el-9  el_before_av_textblock  avia-builder-el-first  av-thin-font av-inherit-size'><h1 class='av-special-heading-tag '  itemprop=\"headline\"  >Poksiklubi D\u00fcnamo tallinn ootab teid<strong>:<\/strong><\/h1><div class=\"special-heading-border\"><div class=\"special-heading-inner-border\"><\/div><\/div><\/div><br \/>\n<section  class='av_textblock_section av-1n8nvc-10bfbf667b67096bd0a31a71645e6f10 '   itemscope=\"itemscope\" itemtype=\"https:\/\/schema.org\/CreativeWork\" ><div class='avia_textblock'  itemprop=\"text\" ><p style=\"text-align: center;\">TULE TRENNI !<\/p>\n<\/div><\/section><\/p><\/div>\n<style type=\"text\/css\" data-created_by=\"avia_inline_auto\" id=\"style-css-av-4yj3s-42848af3342b5abdb64288391324f277\">\n.flex_column.av-4yj3s-42848af3342b5abdb64288391324f277{\nborder-radius:0px 0px 0px 0px;\npadding:0px 0px 0px 0px;\n}\n<\/style>\n<div  class='flex_column av-4yj3s-42848af3342b5abdb64288391324f277 av_one_fifth  avia-builder-el-11  el_after_av_three_fifth  avia-builder-el-last  flex_column_div av-zero-column-padding  '     ><\/div>\n<\/div><\/div><\/div><!-- close content main div --><\/div><\/div><\/div><div id='after_section_3'  class='main_color av_default_container_wrap container_wrap sidebar_right'  ><div class='container av-section-cont-open' ><div class='template-page content  av-content-small alpha units'><div class='post-entry post-entry-type-page post-entry-879'><div class='entry-content-wrapper clearfix'><\/p>\n","protected":false},"excerpt":{"rendered":"","protected":false},"author":1,"featured_media":0,"parent":0,"menu_order":0,"comment_status":"closed","ping_status":"closed","template":"","meta":{"footnotes":""},"class_list":["post-879","page","type-page","status-publish","hentry"],"yoast_head":"<!-- This site is optimized with the Yoast SEO plugin v27.4 - https:\/\/yoast.com\/product\/yoast-seo-wordpress\/ -->\n<title>Tunniplaan - Poksiklubi D\u00fcnamo Tallinn<\/title>\n<meta name=\"robots\" content=\"index, follow, max-snippet:-1, max-image-preview:large, max-video-preview:-1\" \/>\n<link rel=\"canonical\" href=\"https:\/\/dinamobox.ee\/et\/tunniplaan\/\" \/>\n<meta property=\"og:locale\" content=\"et_EE\" \/>\n<meta property=\"og:type\" content=\"article\" \/>\n<meta property=\"og:title\" content=\"Tunniplaan - Poksiklubi D\u00fcnamo Tallinn\" \/>\n<meta property=\"og:url\" content=\"https:\/\/dinamobox.ee\/et\/tunniplaan\/\" \/>\n<meta property=\"og:site_name\" content=\"Poksiklubi D\u00fcnamo Tallinn\" \/>\n<meta property=\"article:publisher\" content=\"https:\/\/www.facebook.com\/dynamopoksiklubi\" \/>\n<meta property=\"article:modified_time\" content=\"2025-10-28T19:33:58+00:00\" \/>\n<meta name=\"twitter:card\" content=\"summary_large_image\" \/>\n<meta name=\"twitter:label1\" content=\"Est. reading time\" \/>\n\t<meta name=\"twitter:data1\" content=\"6 minutit\" \/>\n<script type=\"application\/ld+json\" class=\"yoast-schema-graph\">{\"@context\":\"https:\\\/\\\/schema.org\",\"@graph\":[{\"@type\":\"WebPage\",\"@id\":\"https:\\\/\\\/dinamobox.ee\\\/et\\\/tunniplaan\\\/\",\"url\":\"https:\\\/\\\/dinamobox.ee\\\/et\\\/tunniplaan\\\/\",\"name\":\"Tunniplaan - Poksiklubi D\u00fcnamo Tallinn\",\"isPartOf\":{\"@id\":\"https:\\\/\\\/dinamobox.ee\\\/et\\\/#website\"},\"datePublished\":\"2022-06-16T04:47:34+00:00\",\"dateModified\":\"2025-10-28T19:33:58+00:00\",\"breadcrumb\":{\"@id\":\"https:\\\/\\\/dinamobox.ee\\\/et\\\/tunniplaan\\\/#breadcrumb\"},\"inLanguage\":\"et\",\"potentialAction\":[{\"@type\":\"ReadAction\",\"target\":[\"https:\\\/\\\/dinamobox.ee\\\/et\\\/tunniplaan\\\/\"]}]},{\"@type\":\"BreadcrumbList\",\"@id\":\"https:\\\/\\\/dinamobox.ee\\\/et\\\/tunniplaan\\\/#breadcrumb\",\"itemListElement\":[{\"@type\":\"ListItem\",\"position\":1,\"name\":\"Home\",\"item\":\"https:\\\/\\\/dinamobox.ee\\\/et\\\/avaleht\\\/\"},{\"@type\":\"ListItem\",\"position\":2,\"name\":\"Tunniplaan\"}]},{\"@type\":\"WebSite\",\"@id\":\"https:\\\/\\\/dinamobox.ee\\\/et\\\/#website\",\"url\":\"https:\\\/\\\/dinamobox.ee\\\/et\\\/\",\"name\":\"Poksiklubi D\u00fcnamo Tallinn\",\"description\":\"\",\"publisher\":{\"@id\":\"https:\\\/\\\/dinamobox.ee\\\/et\\\/#organization\"},\"potentialAction\":[{\"@type\":\"SearchAction\",\"target\":{\"@type\":\"EntryPoint\",\"urlTemplate\":\"https:\\\/\\\/dinamobox.ee\\\/et\\\/?s={search_term_string}\"},\"query-input\":{\"@type\":\"PropertyValueSpecification\",\"valueRequired\":true,\"valueName\":\"search_term_string\"}}],\"inLanguage\":\"et\"},{\"@type\":\"Organization\",\"@id\":\"https:\\\/\\\/dinamobox.ee\\\/et\\\/#organization\",\"name\":\"Poksiklubi D\u00fcnamo Tallinn\",\"url\":\"https:\\\/\\\/dinamobox.ee\\\/et\\\/\",\"logo\":{\"@type\":\"ImageObject\",\"inLanguage\":\"et\",\"@id\":\"https:\\\/\\\/dinamobox.ee\\\/et\\\/#\\\/schema\\\/logo\\\/image\\\/\",\"url\":\"https:\\\/\\\/dinamobox.ee\\\/wp-content\\\/uploads\\\/2022\\\/06\\\/logo-png.png\",\"contentUrl\":\"https:\\\/\\\/dinamobox.ee\\\/wp-content\\\/uploads\\\/2022\\\/06\\\/logo-png.png\",\"width\":1224,\"height\":1066,\"caption\":\"Poksiklubi D\u00fcnamo Tallinn\"},\"image\":{\"@id\":\"https:\\\/\\\/dinamobox.ee\\\/et\\\/#\\\/schema\\\/logo\\\/image\\\/\"},\"sameAs\":[\"https:\\\/\\\/www.facebook.com\\\/dynamopoksiklubi\"]}]}<\/script>\n<!-- \/ Yoast SEO plugin. -->","yoast_head_json":{"title":"Tunniplaan - Poksiklubi D\u00fcnamo Tallinn","robots":{"index":"index","follow":"follow","max-snippet":"max-snippet:-1","max-image-preview":"max-image-preview:large","max-video-preview":"max-video-preview:-1"},"canonical":"https:\/\/dinamobox.ee\/et\/tunniplaan\/","og_locale":"et_EE","og_type":"article","og_title":"Tunniplaan - Poksiklubi D\u00fcnamo Tallinn","og_url":"https:\/\/dinamobox.ee\/et\/tunniplaan\/","og_site_name":"Poksiklubi D\u00fcnamo Tallinn","article_publisher":"https:\/\/www.facebook.com\/dynamopoksiklubi","article_modified_time":"2025-10-28T19:33:58+00:00","twitter_card":"summary_large_image","twitter_misc":{"Est. reading time":"6 minutit"},"schema":{"@context":"https:\/\/schema.org","@graph":[{"@type":"WebPage","@id":"https:\/\/dinamobox.ee\/et\/tunniplaan\/","url":"https:\/\/dinamobox.ee\/et\/tunniplaan\/","name":"Tunniplaan - Poksiklubi D\u00fcnamo Tallinn","isPartOf":{"@id":"https:\/\/dinamobox.ee\/et\/#website"},"datePublished":"2022-06-16T04:47:34+00:00","dateModified":"2025-10-28T19:33:58+00:00","breadcrumb":{"@id":"https:\/\/dinamobox.ee\/et\/tunniplaan\/#breadcrumb"},"inLanguage":"et","potentialAction":[{"@type":"ReadAction","target":["https:\/\/dinamobox.ee\/et\/tunniplaan\/"]}]},{"@type":"BreadcrumbList","@id":"https:\/\/dinamobox.ee\/et\/tunniplaan\/#breadcrumb","itemListElement":[{"@type":"ListItem","position":1,"name":"Home","item":"https:\/\/dinamobox.ee\/et\/avaleht\/"},{"@type":"ListItem","position":2,"name":"Tunniplaan"}]},{"@type":"WebSite","@id":"https:\/\/dinamobox.ee\/et\/#website","url":"https:\/\/dinamobox.ee\/et\/","name":"Poksiklubi D\u00fcnamo Tallinn","description":"","publisher":{"@id":"https:\/\/dinamobox.ee\/et\/#organization"},"potentialAction":[{"@type":"SearchAction","target":{"@type":"EntryPoint","urlTemplate":"https:\/\/dinamobox.ee\/et\/?s={search_term_string}"},"query-input":{"@type":"PropertyValueSpecification","valueRequired":true,"valueName":"search_term_string"}}],"inLanguage":"et"},{"@type":"Organization","@id":"https:\/\/dinamobox.ee\/et\/#organization","name":"Poksiklubi D\u00fcnamo Tallinn","url":"https:\/\/dinamobox.ee\/et\/","logo":{"@type":"ImageObject","inLanguage":"et","@id":"https:\/\/dinamobox.ee\/et\/#\/schema\/logo\/image\/","url":"https:\/\/dinamobox.ee\/wp-content\/uploads\/2022\/06\/logo-png.png","contentUrl":"https:\/\/dinamobox.ee\/wp-content\/uploads\/2022\/06\/logo-png.png","width":1224,"height":1066,"caption":"Poksiklubi D\u00fcnamo Tallinn"},"image":{"@id":"https:\/\/dinamobox.ee\/et\/#\/schema\/logo\/image\/"},"sameAs":["https:\/\/www.facebook.com\/dynamopoksiklubi"]}]}},"_links":{"self":[{"href":"https:\/\/dinamobox.ee\/et\/wp-json\/wp\/v2\/pages\/879","targetHints":{"allow":["GET"]}}],"collection":[{"href":"https:\/\/dinamobox.ee\/et\/wp-json\/wp\/v2\/pages"}],"about":[{"href":"https:\/\/dinamobox.ee\/et\/wp-json\/wp\/v2\/types\/page"}],"author":[{"embeddable":true,"href":"https:\/\/dinamobox.ee\/et\/wp-json\/wp\/v2\/users\/1"}],"replies":[{"embeddable":true,"href":"https:\/\/dinamobox.ee\/et\/wp-json\/wp\/v2\/comments?post=879"}],"version-history":[{"count":0,"href":"https:\/\/dinamobox.ee\/et\/wp-json\/wp\/v2\/pages\/879\/revisions"}],"wp:attachment":[{"href":"https:\/\/dinamobox.ee\/et\/wp-json\/wp\/v2\/media?parent=879"}],"curies":[{"name":"wp","href":"https:\/\/api.w.org\/{rel}","templated":true}]}}