{"id":981,"date":"2022-06-25T15:27:24","date_gmt":"2022-06-25T12:27:24","guid":{"rendered":"https:\/\/dinamobox.ee\/?page_id=981"},"modified":"2025-08-05T18:31:15","modified_gmt":"2025-08-05T15:31:15","slug":"treenerid","status":"publish","type":"page","link":"https:\/\/dinamobox.ee\/et\/about\/treenerid\/","title":{"rendered":"Treenerid"},"content":{"rendered":"<div id='av_section_1'  class='avia-section av-bp4b8d-11a36e432b126ccbd27bec3206454ba9 main_color avia-section-large avia-no-border-styling  avia-builder-el-0  el_before_av_layout_row  avia-builder-el-first  avia-bg-style-scroll container_wrap sidebar_right'  ><div class='container av-section-cont-open' ><main  role=\"main\" itemprop=\"mainContentOfPage\"  class='template-page content  av-content-small alpha units'><div class='post-entry post-entry-type-page post-entry-981'><div class='entry-content-wrapper clearfix'>\n\n<style type=\"text\/css\" data-created_by=\"avia_inline_auto\" id=\"style-css-av-bjmnhp-83d3e14e89508e4bc0f09b3f4bd0bed5\">\n#top .av-special-heading.av-bjmnhp-83d3e14e89508e4bc0f09b3f4bd0bed5{\npadding-bottom:30px;\nfont-size:50px;\n}\nbody .av-special-heading.av-bjmnhp-83d3e14e89508e4bc0f09b3f4bd0bed5 .av-special-heading-tag .heading-char{\nfont-size:25px;\n}\n#top #wrap_all .av-special-heading.av-bjmnhp-83d3e14e89508e4bc0f09b3f4bd0bed5 .av-special-heading-tag{\nfont-size:50px;\n}\n.av-special-heading.av-bjmnhp-83d3e14e89508e4bc0f09b3f4bd0bed5 .av-subheading{\nfont-size:15px;\n}\n\n@media only screen and (min-width: 480px) and (max-width: 767px){ \n#top #wrap_all .av-special-heading.av-bjmnhp-83d3e14e89508e4bc0f09b3f4bd0bed5 .av-special-heading-tag{\nfont-size:0.8em;\n}\n}\n\n@media only screen and (max-width: 479px){ \n#top #wrap_all .av-special-heading.av-bjmnhp-83d3e14e89508e4bc0f09b3f4bd0bed5 .av-special-heading-tag{\nfont-size:0.8em;\n}\n}\n<\/style>\n<div  class='av-special-heading av-bjmnhp-83d3e14e89508e4bc0f09b3f4bd0bed5 av-special-heading-h1 blockquote modern-quote  avia-builder-el-1  el_before_av_one_half  avia-builder-el-first  av-thin-font av-inherit-size'><h1 class='av-special-heading-tag '  itemprop=\"headline\"  >Treenerid<strong>.<\/strong><\/h1><div class=\"special-heading-border\"><div class=\"special-heading-inner-border\"><\/div><\/div><\/div>\n\n<style type=\"text\/css\" data-created_by=\"avia_inline_auto\" id=\"style-css-av-bdpu85-4b04804c03ba5f1fc338e04d6b5b4237\">\n.flex_column.av-bdpu85-4b04804c03ba5f1fc338e04d6b5b4237{\nborder-radius:0px 0px 0px 0px;\npadding:0px 0px 0px 0px;\n}\n<\/style>\n<div  class='flex_column av-bdpu85-4b04804c03ba5f1fc338e04d6b5b4237 av_one_half  avia-builder-el-2  el_after_av_heading  el_before_av_one_fourth  first flex_column_div av-zero-column-padding  '     ><section  class='av_textblock_section av-b88mot-404203212a323cd041020c86c70bd712 '   itemscope=\"itemscope\" itemtype=\"https:\/\/schema.org\/CreativeWork\" ><div class='avia_textblock'  itemprop=\"text\" ><p>T\u00e4helepanelikud ja kompetentsed treenerid, samuti klubi s\u00f5bralik kollektiiv ja \u00f5hkkond ootavad teid Tallinna \u00fches parimas spetssaalis.<\/p>\n<\/div><\/section><\/div>\n<style type=\"text\/css\" data-created_by=\"avia_inline_auto\" id=\"style-css-av-b0xxwd-4127f68fe7468443d9c8b0fbad388feb\">\n.flex_column.av-b0xxwd-4127f68fe7468443d9c8b0fbad388feb{\nborder-radius:0px 0px 0px 0px;\npadding:0px 0px 0px 0px;\n}\n<\/style>\n<div  class='flex_column av-b0xxwd-4127f68fe7468443d9c8b0fbad388feb av_one_fourth  avia-builder-el-4  el_after_av_one_half  avia-builder-el-last  flex_column_div av-zero-column-padding  '     ><style type=\"text\/css\" data-created_by=\"avia_inline_auto\" id=\"style-css-av-avh8vp-d157a0ed66e175033ac54ee48e595db7\">\n.avia-animated-number.av-avh8vp-d157a0ed66e175033ac54ee48e595db7 .avia-animated-number-icon.avia-svg-icon svg:first-child{\nfill:#0a0a0a;\nstroke:#0a0a0a;\n}\n#top .avia-animated-number.av-avh8vp-d157a0ed66e175033ac54ee48e595db7 .avia-animated-number-title{\nfont-size:50px;\ncolor:#0a0a0a;\n}\n#top .avia-animated-number.av-avh8vp-d157a0ed66e175033ac54ee48e595db7 .avia-animated-number-content{\nfont-size:22px;\ncolor:#444444;\n}\n<\/style>\n<div  class=\"avia-animated-number av-avh8vp-d157a0ed66e175033ac54ee48e595db7 av-force-default-color avia_animate_when_visible  avia-builder-el-5  avia-builder-el-no-sibling  avia-color-font-custom \" data-timer=\"3000\"><strong class=\"heading avia-animated-number-title\"><span class=\"avia-single-number __av-single-number\" data-number_format=\"\" data-number=\"100\" data-start_from=\"0\">100<\/span><span class=\"avia-no-number\"> %<\/span><\/strong><div class=\"avia-animated-number-content\"><p>professionaalsus<\/p>\n<\/div><\/div><\/div>\n\n<\/div><\/div><\/main><!-- close content main element --><\/div><\/div><div id='av-layout-grid-1'  class='av-layout-grid-container av-9nx8kt-5b579e1bf857ae7c055d07812bd0701a entry-content-wrapper alternate_color av-flex-cells  avia-builder-el-6  el_after_av_section  el_before_av_layout_row  grid-row-not-first  container_wrap sidebar_right'  >\n\n<style type=\"text\/css\" data-created_by=\"avia_inline_auto\" id=\"style-css-av-9k1d31-d478d9662963bafef0ee4525bcb2b0e3\">\n.flex_cell.av-9k1d31-d478d9662963bafef0ee4525bcb2b0e3{\nvertical-align:middle;\nbackground:url(https:\/\/dinamobox.ee\/wp-content\/uploads\/2016\/05\/56636441_2155925294528193_3548301946148356096_n.jpg) 0% 50% no-repeat scroll ;\n}\n.responsive #top #wrap_all .flex_cell.av-9k1d31-d478d9662963bafef0ee4525bcb2b0e3{\npadding:180px 60px 180px 60px !important;\n}\n<\/style>\n<div class='flex_cell av-9k1d31-d478d9662963bafef0ee4525bcb2b0e3 av-gridrow-cell av_one_third no_margin  avia-builder-el-7  el_before_av_cell_one_third  avia-builder-el-first  content-align-middle avia-full-stretch'  ><div class='flex_cell_inner'><\/div><\/div>\n<style type=\"text\/css\" data-created_by=\"avia_inline_auto\" id=\"style-css-av-3e48d-1deba8194ddb7af4a03335f7fa669c78\">\n.flex_cell.av-3e48d-1deba8194ddb7af4a03335f7fa669c78{\nvertical-align:middle;\n}\n.responsive #top #wrap_all .flex_cell.av-3e48d-1deba8194ddb7af4a03335f7fa669c78{\npadding:60px 60px 60px 60px !important;\n}\n<\/style>\n<div class='flex_cell av-3e48d-1deba8194ddb7af4a03335f7fa669c78 av-gridrow-cell av_one_third no_margin  avia-builder-el-8  el_after_av_cell_one_third  el_before_av_cell_one_third  content-align-middle'  ><div class='flex_cell_inner'>\n<style type=\"text\/css\" data-created_by=\"avia_inline_auto\" id=\"style-css-av-x7s8l-908bd891d1dc20845fb4dce8ed1c499c\">\n#top .av-special-heading.av-x7s8l-908bd891d1dc20845fb4dce8ed1c499c{\npadding-bottom:10px;\nfont-size:30px;\n}\nbody .av-special-heading.av-x7s8l-908bd891d1dc20845fb4dce8ed1c499c .av-special-heading-tag .heading-char{\nfont-size:25px;\n}\n#top #wrap_all .av-special-heading.av-x7s8l-908bd891d1dc20845fb4dce8ed1c499c .av-special-heading-tag{\nfont-size:30px;\n}\n.av-special-heading.av-x7s8l-908bd891d1dc20845fb4dce8ed1c499c .av-subheading{\nfont-size:15px;\n}\n\n@media only screen and (min-width: 480px) and (max-width: 767px){ \n#top #wrap_all .av-special-heading.av-x7s8l-908bd891d1dc20845fb4dce8ed1c499c .av-special-heading-tag{\nfont-size:0.8em;\n}\n}\n\n@media only screen and (max-width: 479px){ \n#top #wrap_all .av-special-heading.av-x7s8l-908bd891d1dc20845fb4dce8ed1c499c .av-special-heading-tag{\nfont-size:0.8em;\n}\n}\n<\/style>\n<div  class='av-special-heading av-x7s8l-908bd891d1dc20845fb4dce8ed1c499c av-special-heading-h3 blockquote modern-quote  avia-builder-el-9  avia-builder-el-no-sibling  av-inherit-size'><h3 class='av-special-heading-tag '  itemprop=\"headline\"  >Vladimir Mazjakin<\/h3><div class='av-subheading av-subheading_below'><p>Vanemtreener,<br \/>Poksiklubi D\u00fcnamo Tallinn president<\/p>\n<\/div><div class=\"special-heading-border\"><div class=\"special-heading-inner-border\"><\/div><\/div><\/div>\n<\/div><\/div>\n<style type=\"text\/css\" data-created_by=\"avia_inline_auto\" id=\"style-css-av-tvuc5-8061b3c6f5992a56df1b28ddca291d57\">\n.flex_cell.av-tvuc5-8061b3c6f5992a56df1b28ddca291d57{\nvertical-align:middle;\nbackground-color:#292929;\n}\n.responsive #top #wrap_all .flex_cell.av-tvuc5-8061b3c6f5992a56df1b28ddca291d57{\npadding:60px 60px 60px 60px !important;\n}\n<\/style>\n<div class='flex_cell av-tvuc5-8061b3c6f5992a56df1b28ddca291d57 av-gridrow-cell av_one_third no_margin  avia-builder-el-10  el_after_av_cell_one_third  avia-builder-el-last  content-align-middle'  ><div class='flex_cell_inner'><section  class='av_textblock_section av-85bt6d-1642cb99f8c69b1bc23e5bb1f1685d77 '   itemscope=\"itemscope\" itemtype=\"https:\/\/schema.org\/CreativeWork\" ><div class='avia_textblock'  itemprop=\"text\" ><p><strong>OL\u00dcMPIAPOKS ALGAJAD, OL\u00dcMPIAPOKS<\/strong><\/p>\n<\/div><\/section>\n<\/div><\/div>\n<\/div>\n<div id='av-layout-grid-2'  class='av-layout-grid-container av-68eot-dc2898c8828d0589ffd2f2f98071b6f5 entry-content-wrapper alternate_color av-flex-cells  avia-builder-el-12  el_after_av_layout_row  el_before_av_section  grid-row-not-first  container_wrap sidebar_right'  >\n\n<style type=\"text\/css\" data-created_by=\"avia_inline_auto\" id=\"style-css-av-1im5md-4d59d57d7929ff14ef80832bd8392269\">\n.flex_cell.av-1im5md-4d59d57d7929ff14ef80832bd8392269{\nvertical-align:middle;\nbackground:url(https:\/\/dinamobox.ee\/wp-content\/uploads\/2022\/06\/Max-Vorovski-ja-Vladimir-Skorkin.jpg) 0% 50% no-repeat scroll ;\n}\n.responsive #top #wrap_all .flex_cell.av-1im5md-4d59d57d7929ff14ef80832bd8392269{\npadding:180px 60px 180px 60px !important;\n}\n<\/style>\n<div class='flex_cell av-1im5md-4d59d57d7929ff14ef80832bd8392269 av-gridrow-cell av_one_third no_margin  avia-builder-el-13  el_before_av_cell_one_third  avia-builder-el-first  content-align-middle avia-full-stretch'  ><div class='flex_cell_inner'><\/div><\/div>\n<style type=\"text\/css\" data-created_by=\"avia_inline_auto\" id=\"style-css-av-1eil4d-b02b4a74f3b9af68762a61d8880138e1\">\n.flex_cell.av-1eil4d-b02b4a74f3b9af68762a61d8880138e1{\nvertical-align:middle;\n}\n.responsive #top #wrap_all .flex_cell.av-1eil4d-b02b4a74f3b9af68762a61d8880138e1{\npadding:60px 60px 60px 60px !important;\n}\n<\/style>\n<div class='flex_cell av-1eil4d-b02b4a74f3b9af68762a61d8880138e1 av-gridrow-cell av_one_third no_margin  avia-builder-el-14  el_after_av_cell_one_third  el_before_av_cell_one_third  content-align-middle'  ><div class='flex_cell_inner'>\n<style type=\"text\/css\" data-created_by=\"avia_inline_auto\" id=\"style-css-av-4mqat-d9c936a87c514ef794e402deb9f86aa6\">\n#top .av-special-heading.av-4mqat-d9c936a87c514ef794e402deb9f86aa6{\npadding-bottom:10px;\nfont-size:30px;\n}\nbody .av-special-heading.av-4mqat-d9c936a87c514ef794e402deb9f86aa6 .av-special-heading-tag .heading-char{\nfont-size:25px;\n}\n#top #wrap_all .av-special-heading.av-4mqat-d9c936a87c514ef794e402deb9f86aa6 .av-special-heading-tag{\nfont-size:30px;\n}\n.av-special-heading.av-4mqat-d9c936a87c514ef794e402deb9f86aa6 .av-subheading{\nfont-size:15px;\n}\n\n@media only screen and (min-width: 480px) and (max-width: 767px){ \n#top #wrap_all .av-special-heading.av-4mqat-d9c936a87c514ef794e402deb9f86aa6 .av-special-heading-tag{\nfont-size:0.8em;\n}\n}\n\n@media only screen and (max-width: 479px){ \n#top #wrap_all .av-special-heading.av-4mqat-d9c936a87c514ef794e402deb9f86aa6 .av-special-heading-tag{\nfont-size:0.8em;\n}\n}\n<\/style>\n<div  class='av-special-heading av-4mqat-d9c936a87c514ef794e402deb9f86aa6 av-special-heading-h3 blockquote modern-quote  avia-builder-el-15  avia-builder-el-no-sibling  av-inherit-size'><h3 class='av-special-heading-tag '  itemprop=\"headline\"  >Vladimir Skorkin<\/h3><div class='av-subheading av-subheading_below'><p>Poksiklubi D\u00fcnamo Tallinn treener<\/p>\n<\/div><div class=\"special-heading-border\"><div class=\"special-heading-inner-border\"><\/div><\/div><\/div>\n<\/div><\/div>\n<style type=\"text\/css\" data-created_by=\"avia_inline_auto\" id=\"style-css-av-e423x-a551d2c266e9cbed418924011d36b9e4\">\n.flex_cell.av-e423x-a551d2c266e9cbed418924011d36b9e4{\nvertical-align:middle;\nbackground-color:#292929;\n}\n.responsive #top #wrap_all .flex_cell.av-e423x-a551d2c266e9cbed418924011d36b9e4{\npadding:60px 60px 60px 60px !important;\n}\n<\/style>\n<div class='flex_cell av-e423x-a551d2c266e9cbed418924011d36b9e4 av-gridrow-cell av_one_third no_margin  avia-builder-el-16  el_after_av_cell_one_third  avia-builder-el-last  content-align-middle'  ><div class='flex_cell_inner'><section  class='av_textblock_section av-aw6t9-f7539038e4106fe8bb98039593240d1c '   itemscope=\"itemscope\" itemtype=\"https:\/\/schema.org\/CreativeWork\" ><div class='avia_textblock'  itemprop=\"text\" ><p><strong>FITTNESS-POKS, INDIVIDUAALNE POKSITREENING<\/strong><\/p>\n<\/div><\/section>\n<\/div><\/div>\n<\/div>\n\n<style type=\"text\/css\" data-created_by=\"avia_inline_auto\" id=\"style-css-av-18jksl-57d5aed964dea1d99f336194844d67fb\">\n.avia-section.av-18jksl-57d5aed964dea1d99f336194844d67fb{\nbackground-repeat:no-repeat;\nbackground-image:url(https:\/\/dinamobox.ee\/wp-content\/uploads\/2016\/05\/hero-7.jpg);\nbackground-position:50% 50%;\nbackground-attachment:fixed;\n}\n.avia-section.av-18jksl-57d5aed964dea1d99f336194844d67fb .av-section-color-overlay{\nopacity:0.8;\nbackground-color:#000000;\n}\n<\/style>\n<div id='av_section_2'  class='avia-section av-18jksl-57d5aed964dea1d99f336194844d67fb alternate_color avia-section-huge avia-no-border-styling  avia-builder-el-18  el_after_av_layout_row  avia-builder-el-last  avia-full-stretch avia-bg-style-fixed av-section-color-overlay-active container_wrap sidebar_right'  data-section-bg-repeat='stretch'><div class=\"av-section-color-overlay-wrap\"><div class=\"av-section-color-overlay\"><\/div><div class='container av-section-cont-open' ><div class='template-page content  av-content-small alpha units'><div class='post-entry post-entry-type-page post-entry-981'><div class='entry-content-wrapper clearfix'>\n\n<style type=\"text\/css\" data-created_by=\"avia_inline_auto\" id=\"style-css-av-133kgt-2212880c0a49c705a36f060658dbf368\">\n.flex_column.av-133kgt-2212880c0a49c705a36f060658dbf368{\nborder-radius:0px 0px 0px 0px;\npadding:0px 0px 0px 0px;\n}\n<\/style>\n<div  class='flex_column av-133kgt-2212880c0a49c705a36f060658dbf368 av_one_fifth  avia-builder-el-19  el_before_av_three_fifth  avia-builder-el-first  first flex_column_div av-zero-column-padding  '     ><\/div>\n<style type=\"text\/css\" data-created_by=\"avia_inline_auto\" id=\"style-css-av-ziu7h-473e1443f4a7f65bce22f2640d33f33a\">\n.flex_column.av-ziu7h-473e1443f4a7f65bce22f2640d33f33a{\nborder-radius:0px 0px 0px 0px;\npadding:0px 0px 0px 0px;\n}\n<\/style>\n<div  class='flex_column av-ziu7h-473e1443f4a7f65bce22f2640d33f33a av_three_fifth  avia-builder-el-20  el_after_av_one_fifth  el_before_av_one_fifth  flex_column_div av-zero-column-padding  '     ><p>\n<style type=\"text\/css\" data-created_by=\"avia_inline_auto\" id=\"style-css-av-rl5hh-49cd7580c16e60042a3d2380bd02c4b8\">\n#top .av-special-heading.av-rl5hh-49cd7580c16e60042a3d2380bd02c4b8{\npadding-bottom:20px;\nfont-size:50px;\n}\nbody .av-special-heading.av-rl5hh-49cd7580c16e60042a3d2380bd02c4b8 .av-special-heading-tag .heading-char{\nfont-size:25px;\n}\n#top #wrap_all .av-special-heading.av-rl5hh-49cd7580c16e60042a3d2380bd02c4b8 .av-special-heading-tag{\nfont-size:50px;\n}\n.av-special-heading.av-rl5hh-49cd7580c16e60042a3d2380bd02c4b8 .av-subheading{\nfont-size:15px;\n}\n\n@media only screen and (min-width: 480px) and (max-width: 767px){ \n#top #wrap_all .av-special-heading.av-rl5hh-49cd7580c16e60042a3d2380bd02c4b8 .av-special-heading-tag{\nfont-size:0.8em;\n}\n}\n\n@media only screen and (max-width: 479px){ \n#top #wrap_all .av-special-heading.av-rl5hh-49cd7580c16e60042a3d2380bd02c4b8 .av-special-heading-tag{\nfont-size:0.8em;\n}\n}\n<\/style>\n<div  class='av-special-heading av-rl5hh-49cd7580c16e60042a3d2380bd02c4b8 av-special-heading-h1 blockquote modern-quote modern-centered  avia-builder-el-21  el_before_av_textblock  avia-builder-el-first  av-thin-font av-inherit-size'><h1 class='av-special-heading-tag '  itemprop=\"headline\"  >Oled huvitatud meie meeskonna osaks saadamisest<strong>?<\/strong><\/h1><div class=\"special-heading-border\"><div class=\"special-heading-inner-border\"><\/div><\/div><\/div><br \/>\n<section  class='av_textblock_section av-mn7md-583153585f2485bf12528cdce3b7813e '   itemscope=\"itemscope\" itemtype=\"https:\/\/schema.org\/CreativeWork\" ><div class='avia_textblock'  itemprop=\"text\" ><p style=\"text-align: center;\">V\u00f5ta meiega \u00fchendust!<\/p>\n<\/div><\/section><br \/>\n<div  class='avia-button-wrap av-g8tn1-d2edc3cb29261e218bc734f1f2f2632e-wrap avia-button-center  avia-builder-el-23  el_after_av_textblock  avia-builder-el-last '><a href='https:\/\/dinamobox.ee\/et\/kontakt\/'  class='avia-button av-g8tn1-d2edc3cb29261e218bc734f1f2f2632e av-link-btn avia-icon_select-yes-right-icon avia-size-large avia-position-center av-icon-on-hover avia-color-theme-color'   aria-label=\"KONTAKT\"><span class='avia_iconbox_title' >KONTAKT<\/span><span class='avia_button_icon avia_button_icon_right avia-iconfont avia-font-entypo-fontello' data-av_icon='\ue879' data-av_iconfont='entypo-fontello' ><\/span><\/a><\/div><\/p><\/div>\n<style type=\"text\/css\" data-created_by=\"avia_inline_auto\" id=\"style-css-av-6phat-8819b1c10bb33dd6d85f85918bb21c7b\">\n.flex_column.av-6phat-8819b1c10bb33dd6d85f85918bb21c7b{\nborder-radius:0px 0px 0px 0px;\npadding:0px 0px 0px 0px;\n}\n<\/style>\n<div  class='flex_column av-6phat-8819b1c10bb33dd6d85f85918bb21c7b av_one_fifth  avia-builder-el-24  el_after_av_three_fifth  avia-builder-el-last  flex_column_div av-zero-column-padding  '     ><\/div>\n<\/div><\/div><\/div><!-- close content main div --><\/div><\/div><\/div><div id='after_section_2'  class='main_color av_default_container_wrap container_wrap sidebar_right'  ><div class='container av-section-cont-open' ><div class='template-page content  av-content-small alpha units'><div class='post-entry post-entry-type-page post-entry-981'><div class='entry-content-wrapper clearfix'>\n","protected":false},"excerpt":{"rendered":"","protected":false},"author":1,"featured_media":0,"parent":515,"menu_order":0,"comment_status":"closed","ping_status":"closed","template":"","meta":{"footnotes":""},"class_list":["post-981","page","type-page","status-publish","hentry"],"yoast_head":"<!-- This site is optimized with the Yoast SEO plugin v27.4 - https:\/\/yoast.com\/product\/yoast-seo-wordpress\/ -->\n<title>Treenerid - Poksiklubi D\u00fcnamo Tallinn<\/title>\n<meta name=\"robots\" content=\"index, follow, max-snippet:-1, max-image-preview:large, max-video-preview:-1\" \/>\n<link rel=\"canonical\" href=\"https:\/\/dinamobox.ee\/et\/about\/treenerid\/\" \/>\n<meta property=\"og:locale\" content=\"et_EE\" \/>\n<meta property=\"og:type\" content=\"article\" \/>\n<meta property=\"og:title\" content=\"Treenerid - Poksiklubi D\u00fcnamo Tallinn\" \/>\n<meta property=\"og:url\" content=\"https:\/\/dinamobox.ee\/et\/about\/treenerid\/\" \/>\n<meta property=\"og:site_name\" content=\"Poksiklubi D\u00fcnamo Tallinn\" \/>\n<meta property=\"article:publisher\" content=\"https:\/\/www.facebook.com\/dynamopoksiklubi\" \/>\n<meta property=\"article:modified_time\" content=\"2025-08-05T15:31:15+00:00\" \/>\n<meta name=\"twitter:card\" content=\"summary_large_image\" \/>\n<meta name=\"twitter:label1\" content=\"Est. reading time\" \/>\n\t<meta name=\"twitter:data1\" content=\"10 minutit\" \/>\n<script type=\"application\/ld+json\" class=\"yoast-schema-graph\">{\"@context\":\"https:\\\/\\\/schema.org\",\"@graph\":[{\"@type\":\"WebPage\",\"@id\":\"https:\\\/\\\/dinamobox.ee\\\/et\\\/about\\\/treenerid\\\/\",\"url\":\"https:\\\/\\\/dinamobox.ee\\\/et\\\/about\\\/treenerid\\\/\",\"name\":\"Treenerid - Poksiklubi D\u00fcnamo Tallinn\",\"isPartOf\":{\"@id\":\"https:\\\/\\\/dinamobox.ee\\\/et\\\/#website\"},\"datePublished\":\"2022-06-25T12:27:24+00:00\",\"dateModified\":\"2025-08-05T15:31:15+00:00\",\"breadcrumb\":{\"@id\":\"https:\\\/\\\/dinamobox.ee\\\/et\\\/about\\\/treenerid\\\/#breadcrumb\"},\"inLanguage\":\"et\",\"potentialAction\":[{\"@type\":\"ReadAction\",\"target\":[\"https:\\\/\\\/dinamobox.ee\\\/et\\\/about\\\/treenerid\\\/\"]}]},{\"@type\":\"BreadcrumbList\",\"@id\":\"https:\\\/\\\/dinamobox.ee\\\/et\\\/about\\\/treenerid\\\/#breadcrumb\",\"itemListElement\":[{\"@type\":\"ListItem\",\"position\":1,\"name\":\"Home\",\"item\":\"https:\\\/\\\/dinamobox.ee\\\/et\\\/avaleht\\\/\"},{\"@type\":\"ListItem\",\"position\":2,\"name\":\"About\",\"item\":\"https:\\\/\\\/dinamobox.ee\\\/et\\\/?page_id=515\"},{\"@type\":\"ListItem\",\"position\":3,\"name\":\"Treenerid\"}]},{\"@type\":\"WebSite\",\"@id\":\"https:\\\/\\\/dinamobox.ee\\\/et\\\/#website\",\"url\":\"https:\\\/\\\/dinamobox.ee\\\/et\\\/\",\"name\":\"Poksiklubi D\u00fcnamo Tallinn\",\"description\":\"\",\"publisher\":{\"@id\":\"https:\\\/\\\/dinamobox.ee\\\/et\\\/#organization\"},\"potentialAction\":[{\"@type\":\"SearchAction\",\"target\":{\"@type\":\"EntryPoint\",\"urlTemplate\":\"https:\\\/\\\/dinamobox.ee\\\/et\\\/?s={search_term_string}\"},\"query-input\":{\"@type\":\"PropertyValueSpecification\",\"valueRequired\":true,\"valueName\":\"search_term_string\"}}],\"inLanguage\":\"et\"},{\"@type\":\"Organization\",\"@id\":\"https:\\\/\\\/dinamobox.ee\\\/et\\\/#organization\",\"name\":\"Poksiklubi D\u00fcnamo Tallinn\",\"url\":\"https:\\\/\\\/dinamobox.ee\\\/et\\\/\",\"logo\":{\"@type\":\"ImageObject\",\"inLanguage\":\"et\",\"@id\":\"https:\\\/\\\/dinamobox.ee\\\/et\\\/#\\\/schema\\\/logo\\\/image\\\/\",\"url\":\"https:\\\/\\\/dinamobox.ee\\\/wp-content\\\/uploads\\\/2022\\\/06\\\/logo-png.png\",\"contentUrl\":\"https:\\\/\\\/dinamobox.ee\\\/wp-content\\\/uploads\\\/2022\\\/06\\\/logo-png.png\",\"width\":1224,\"height\":1066,\"caption\":\"Poksiklubi D\u00fcnamo Tallinn\"},\"image\":{\"@id\":\"https:\\\/\\\/dinamobox.ee\\\/et\\\/#\\\/schema\\\/logo\\\/image\\\/\"},\"sameAs\":[\"https:\\\/\\\/www.facebook.com\\\/dynamopoksiklubi\"]}]}<\/script>\n<!-- \/ Yoast SEO plugin. -->","yoast_head_json":{"title":"Treenerid - Poksiklubi D\u00fcnamo Tallinn","robots":{"index":"index","follow":"follow","max-snippet":"max-snippet:-1","max-image-preview":"max-image-preview:large","max-video-preview":"max-video-preview:-1"},"canonical":"https:\/\/dinamobox.ee\/et\/about\/treenerid\/","og_locale":"et_EE","og_type":"article","og_title":"Treenerid - Poksiklubi D\u00fcnamo Tallinn","og_url":"https:\/\/dinamobox.ee\/et\/about\/treenerid\/","og_site_name":"Poksiklubi D\u00fcnamo Tallinn","article_publisher":"https:\/\/www.facebook.com\/dynamopoksiklubi","article_modified_time":"2025-08-05T15:31:15+00:00","twitter_card":"summary_large_image","twitter_misc":{"Est. reading time":"10 minutit"},"schema":{"@context":"https:\/\/schema.org","@graph":[{"@type":"WebPage","@id":"https:\/\/dinamobox.ee\/et\/about\/treenerid\/","url":"https:\/\/dinamobox.ee\/et\/about\/treenerid\/","name":"Treenerid - Poksiklubi D\u00fcnamo Tallinn","isPartOf":{"@id":"https:\/\/dinamobox.ee\/et\/#website"},"datePublished":"2022-06-25T12:27:24+00:00","dateModified":"2025-08-05T15:31:15+00:00","breadcrumb":{"@id":"https:\/\/dinamobox.ee\/et\/about\/treenerid\/#breadcrumb"},"inLanguage":"et","potentialAction":[{"@type":"ReadAction","target":["https:\/\/dinamobox.ee\/et\/about\/treenerid\/"]}]},{"@type":"BreadcrumbList","@id":"https:\/\/dinamobox.ee\/et\/about\/treenerid\/#breadcrumb","itemListElement":[{"@type":"ListItem","position":1,"name":"Home","item":"https:\/\/dinamobox.ee\/et\/avaleht\/"},{"@type":"ListItem","position":2,"name":"About","item":"https:\/\/dinamobox.ee\/et\/?page_id=515"},{"@type":"ListItem","position":3,"name":"Treenerid"}]},{"@type":"WebSite","@id":"https:\/\/dinamobox.ee\/et\/#website","url":"https:\/\/dinamobox.ee\/et\/","name":"Poksiklubi D\u00fcnamo Tallinn","description":"","publisher":{"@id":"https:\/\/dinamobox.ee\/et\/#organization"},"potentialAction":[{"@type":"SearchAction","target":{"@type":"EntryPoint","urlTemplate":"https:\/\/dinamobox.ee\/et\/?s={search_term_string}"},"query-input":{"@type":"PropertyValueSpecification","valueRequired":true,"valueName":"search_term_string"}}],"inLanguage":"et"},{"@type":"Organization","@id":"https:\/\/dinamobox.ee\/et\/#organization","name":"Poksiklubi D\u00fcnamo Tallinn","url":"https:\/\/dinamobox.ee\/et\/","logo":{"@type":"ImageObject","inLanguage":"et","@id":"https:\/\/dinamobox.ee\/et\/#\/schema\/logo\/image\/","url":"https:\/\/dinamobox.ee\/wp-content\/uploads\/2022\/06\/logo-png.png","contentUrl":"https:\/\/dinamobox.ee\/wp-content\/uploads\/2022\/06\/logo-png.png","width":1224,"height":1066,"caption":"Poksiklubi D\u00fcnamo Tallinn"},"image":{"@id":"https:\/\/dinamobox.ee\/et\/#\/schema\/logo\/image\/"},"sameAs":["https:\/\/www.facebook.com\/dynamopoksiklubi"]}]}},"_links":{"self":[{"href":"https:\/\/dinamobox.ee\/et\/wp-json\/wp\/v2\/pages\/981","targetHints":{"allow":["GET"]}}],"collection":[{"href":"https:\/\/dinamobox.ee\/et\/wp-json\/wp\/v2\/pages"}],"about":[{"href":"https:\/\/dinamobox.ee\/et\/wp-json\/wp\/v2\/types\/page"}],"author":[{"embeddable":true,"href":"https:\/\/dinamobox.ee\/et\/wp-json\/wp\/v2\/users\/1"}],"replies":[{"embeddable":true,"href":"https:\/\/dinamobox.ee\/et\/wp-json\/wp\/v2\/comments?post=981"}],"version-history":[{"count":0,"href":"https:\/\/dinamobox.ee\/et\/wp-json\/wp\/v2\/pages\/981\/revisions"}],"up":[{"embeddable":true,"href":"https:\/\/dinamobox.ee\/et\/wp-json\/wp\/v2\/pages\/515"}],"wp:attachment":[{"href":"https:\/\/dinamobox.ee\/et\/wp-json\/wp\/v2\/media?parent=981"}],"curies":[{"name":"wp","href":"https:\/\/api.w.org\/{rel}","templated":true}]}}